{"id":1138,"date":"2022-02-15T09:49:30","date_gmt":"2022-02-15T12:49:30","guid":{"rendered":"https:\/\/colecaocontai.com.br\/home\/?page_id=1138"},"modified":"2025-07-21T08:52:13","modified_gmt":"2025-07-21T11:52:13","slug":"dica-5-o-empreendedorismo","status":"publish","type":"page","link":"https:\/\/colecaocontai.com.br\/home\/dica-5-o-empreendedorismo\/","title":{"rendered":"Dica 5 &#8211; O empreendedorismo"},"content":{"rendered":"\t\t<div data-elementor-type=\"wp-page\" data-elementor-id=\"1138\" class=\"elementor elementor-1138\" data-elementor-post-type=\"page\">\n\t\t\t\t\t\t<section class=\"elementor-section elementor-top-section elementor-element elementor-element-6441919 elementor-section-boxed elementor-section-height-default elementor-section-height-default\" data-id=\"6441919\" data-element_type=\"section\">\n\t\t\t\t\t\t<div class=\"elementor-container elementor-column-gap-default\">\n\t\t\t\t\t<div class=\"elementor-column elementor-col-100 elementor-top-column elementor-element elementor-element-ffd82f0\" data-id=\"ffd82f0\" data-element_type=\"column\">\n\t\t\t<div class=\"elementor-widget-wrap elementor-element-populated\">\n\t\t\t\t\t\t<div class=\"elementor-element elementor-element-96fbf53 elementor-widget elementor-widget-pdfjs_viewer\" data-id=\"96fbf53\" data-element_type=\"widget\" data-widget_type=\"pdfjs_viewer.default\">\n\t\t\t\t<div class=\"elementor-widget-container\">\n\t\t\t\t\t<iframe src=\"https:\/\/colecaocontai.com.br\/home\/wp-content\/plugins\/pdf-viewer-for-elementor\/assets\/pdfjs\/web\/viewer.html?file=https:\/\/colecaocontai.com.br\/home\/wp-content\/uploads\/2025\/07\/Livro-direto-Livro-Dica-5_SD.pdf&amp;embedded=true\" style=\"display: block; margin-left: auto; margin-right: auto; width: 100%; height: 1020px;\" frameborder=\"1\" marginheight=\"0px\" marginwidth=\"0px\" allowfullscreen><\/iframe>\t\t\t\t<\/div>\n\t\t\t\t<\/div>\n\t\t\t\t\t<\/div>\n\t\t<\/div>\n\t\t\t\t\t<\/div>\n\t\t<\/section>\n\t\t\t\t<section class=\"elementor-section elementor-top-section elementor-element elementor-element-a4aba03 elementor-section-boxed elementor-section-height-default elementor-section-height-default\" data-id=\"a4aba03\" data-element_type=\"section\">\n\t\t\t\t\t\t<div class=\"elementor-container elementor-column-gap-default\">\n\t\t\t\t\t<div class=\"elementor-column elementor-col-100 elementor-top-column elementor-element elementor-element-921ba81\" data-id=\"921ba81\" data-element_type=\"column\">\n\t\t\t<div class=\"elementor-widget-wrap elementor-element-populated\">\n\t\t\t\t\t\t<div class=\"elementor-element elementor-element-d0f847c elementor-widget elementor-widget-pdf_viewer\" data-id=\"d0f847c\" data-element_type=\"widget\" data-widget_type=\"pdf_viewer.default\">\n\t\t\t\t<div class=\"elementor-widget-container\">\n\t\t\t\t\t<iframe src=\"https:\/\/docs.google.com\/viewer?url=https:\/\/colecaocontai.com.br\/home\/wp-content\/uploads\/2025\/07\/Livro-direto-Livro-Dica-5_SD.pdf&amp;embedded=true\" style=\"display: block; margin-left: auto; margin-right: auto; width: 100%; height: 1020px;\" frameborder=\"1\" marginheight=\"0px\" marginwidth=\"0px\" allowfullscreen><\/iframe>\t\t\t\t<\/div>\n\t\t\t\t<\/div>\n\t\t\t\t\t<\/div>\n\t\t<\/div>\n\t\t\t\t\t<\/div>\n\t\t<\/section>\n\t\t\t\t<\/div>\n\t\t","protected":false},"excerpt":{"rendered":"","protected":false},"author":1,"featured_media":0,"parent":0,"menu_order":0,"comment_status":"closed","ping_status":"closed","template":"elementor_canvas","meta":{"footnotes":""},"class_list":["post-1138","page","type-page","status-publish","hentry","entry"],"yoast_head":"<!-- This site is optimized with the Yoast SEO plugin v18.1 - https:\/\/yoast.com\/wordpress\/plugins\/seo\/ -->\n<title>Dica 5 - O empreendedorismo | Cole\u00e7\u00e3o Conta Ai<\/title>\n<meta name=\"robots\" content=\"index, follow, max-snippet:-1, max-image-preview:large, max-video-preview:-1\" \/>\n<link rel=\"canonical\" href=\"https:\/\/colecaocontai.com.br\/home\/dica-5-o-empreendedorismo\/\" \/>\n<meta property=\"og:locale\" content=\"pt_BR\" \/>\n<meta property=\"og:type\" content=\"article\" \/>\n<meta property=\"og:title\" content=\"Dica 5 - O empreendedorismo | Cole\u00e7\u00e3o Conta Ai\" \/>\n<meta property=\"og:url\" content=\"https:\/\/colecaocontai.com.br\/home\/dica-5-o-empreendedorismo\/\" \/>\n<meta property=\"og:site_name\" content=\"Cole\u00e7\u00e3o Conta Ai\" \/>\n<meta property=\"article:modified_time\" content=\"2025-07-21T11:52:13+00:00\" \/>\n<meta name=\"twitter:card\" content=\"summary_large_image\" \/>\n<script type=\"application\/ld+json\" class=\"yoast-schema-graph\">{\"@context\":\"https:\/\/schema.org\",\"@graph\":[{\"@type\":\"Organization\",\"@id\":\"https:\/\/colecaocontai.com.br\/home\/#organization\",\"name\":\"Cole\u00e7\u00e3o Conta Ai\",\"url\":\"https:\/\/colecaocontai.com.br\/home\/\",\"sameAs\":[],\"logo\":{\"@type\":\"ImageObject\",\"@id\":\"https:\/\/colecaocontai.com.br\/home\/#logo\",\"inLanguage\":\"pt-BR\",\"url\":\"https:\/\/colecaocontai.com.br\/home\/wp-content\/uploads\/2021\/05\/logo_header.png\",\"contentUrl\":\"https:\/\/colecaocontai.com.br\/home\/wp-content\/uploads\/2021\/05\/logo_header.png\",\"width\":485,\"height\":343,\"caption\":\"Cole\u00e7\u00e3o Conta Ai\"},\"image\":{\"@id\":\"https:\/\/colecaocontai.com.br\/home\/#logo\"}},{\"@type\":\"WebSite\",\"@id\":\"https:\/\/colecaocontai.com.br\/home\/#website\",\"url\":\"https:\/\/colecaocontai.com.br\/home\/\",\"name\":\"Cole\u00e7\u00e3o Conta Ai\",\"description\":\"Educa\u00e7\u00e3o Financeira para Crian\u00e7as\",\"publisher\":{\"@id\":\"https:\/\/colecaocontai.com.br\/home\/#organization\"},\"potentialAction\":[{\"@type\":\"SearchAction\",\"target\":{\"@type\":\"EntryPoint\",\"urlTemplate\":\"https:\/\/colecaocontai.com.br\/home\/?s={search_term_string}\"},\"query-input\":\"required name=search_term_string\"}],\"inLanguage\":\"pt-BR\"},{\"@type\":\"WebPage\",\"@id\":\"https:\/\/colecaocontai.com.br\/home\/dica-5-o-empreendedorismo\/#webpage\",\"url\":\"https:\/\/colecaocontai.com.br\/home\/dica-5-o-empreendedorismo\/\",\"name\":\"Dica 5 - O empreendedorismo | Cole\u00e7\u00e3o Conta Ai\",\"isPartOf\":{\"@id\":\"https:\/\/colecaocontai.com.br\/home\/#website\"},\"datePublished\":\"2022-02-15T12:49:30+00:00\",\"dateModified\":\"2025-07-21T11:52:13+00:00\",\"breadcrumb\":{\"@id\":\"https:\/\/colecaocontai.com.br\/home\/dica-5-o-empreendedorismo\/#breadcrumb\"},\"inLanguage\":\"pt-BR\",\"potentialAction\":[{\"@type\":\"ReadAction\",\"target\":[\"https:\/\/colecaocontai.com.br\/home\/dica-5-o-empreendedorismo\/\"]}]},{\"@type\":\"BreadcrumbList\",\"@id\":\"https:\/\/colecaocontai.com.br\/home\/dica-5-o-empreendedorismo\/#breadcrumb\",\"itemListElement\":[{\"@type\":\"ListItem\",\"position\":1,\"name\":\"In\u00edcio\",\"item\":\"https:\/\/colecaocontai.com.br\/home\/\"},{\"@type\":\"ListItem\",\"position\":2,\"name\":\"Dica 5 &#8211; O empreendedorismo\"}]}]}<\/script>\n<!-- \/ Yoast SEO plugin. -->","yoast_head_json":{"title":"Dica 5 - O empreendedorismo | Cole\u00e7\u00e3o Conta Ai","robots":{"index":"index","follow":"follow","max-snippet":"max-snippet:-1","max-image-preview":"max-image-preview:large","max-video-preview":"max-video-preview:-1"},"canonical":"https:\/\/colecaocontai.com.br\/home\/dica-5-o-empreendedorismo\/","og_locale":"pt_BR","og_type":"article","og_title":"Dica 5 - O empreendedorismo | Cole\u00e7\u00e3o Conta Ai","og_url":"https:\/\/colecaocontai.com.br\/home\/dica-5-o-empreendedorismo\/","og_site_name":"Cole\u00e7\u00e3o Conta Ai","article_modified_time":"2025-07-21T11:52:13+00:00","twitter_card":"summary_large_image","schema":{"@context":"https:\/\/schema.org","@graph":[{"@type":"Organization","@id":"https:\/\/colecaocontai.com.br\/home\/#organization","name":"Cole\u00e7\u00e3o Conta Ai","url":"https:\/\/colecaocontai.com.br\/home\/","sameAs":[],"logo":{"@type":"ImageObject","@id":"https:\/\/colecaocontai.com.br\/home\/#logo","inLanguage":"pt-BR","url":"https:\/\/colecaocontai.com.br\/home\/wp-content\/uploads\/2021\/05\/logo_header.png","contentUrl":"https:\/\/colecaocontai.com.br\/home\/wp-content\/uploads\/2021\/05\/logo_header.png","width":485,"height":343,"caption":"Cole\u00e7\u00e3o Conta Ai"},"image":{"@id":"https:\/\/colecaocontai.com.br\/home\/#logo"}},{"@type":"WebSite","@id":"https:\/\/colecaocontai.com.br\/home\/#website","url":"https:\/\/colecaocontai.com.br\/home\/","name":"Cole\u00e7\u00e3o Conta Ai","description":"Educa\u00e7\u00e3o Financeira para Crian\u00e7as","publisher":{"@id":"https:\/\/colecaocontai.com.br\/home\/#organization"},"potentialAction":[{"@type":"SearchAction","target":{"@type":"EntryPoint","urlTemplate":"https:\/\/colecaocontai.com.br\/home\/?s={search_term_string}"},"query-input":"required name=search_term_string"}],"inLanguage":"pt-BR"},{"@type":"WebPage","@id":"https:\/\/colecaocontai.com.br\/home\/dica-5-o-empreendedorismo\/#webpage","url":"https:\/\/colecaocontai.com.br\/home\/dica-5-o-empreendedorismo\/","name":"Dica 5 - O empreendedorismo | Cole\u00e7\u00e3o Conta Ai","isPartOf":{"@id":"https:\/\/colecaocontai.com.br\/home\/#website"},"datePublished":"2022-02-15T12:49:30+00:00","dateModified":"2025-07-21T11:52:13+00:00","breadcrumb":{"@id":"https:\/\/colecaocontai.com.br\/home\/dica-5-o-empreendedorismo\/#breadcrumb"},"inLanguage":"pt-BR","potentialAction":[{"@type":"ReadAction","target":["https:\/\/colecaocontai.com.br\/home\/dica-5-o-empreendedorismo\/"]}]},{"@type":"BreadcrumbList","@id":"https:\/\/colecaocontai.com.br\/home\/dica-5-o-empreendedorismo\/#breadcrumb","itemListElement":[{"@type":"ListItem","position":1,"name":"In\u00edcio","item":"https:\/\/colecaocontai.com.br\/home\/"},{"@type":"ListItem","position":2,"name":"Dica 5 &#8211; O empreendedorismo"}]}]}},"_links":{"self":[{"href":"https:\/\/colecaocontai.com.br\/home\/wp-json\/wp\/v2\/pages\/1138"}],"collection":[{"href":"https:\/\/colecaocontai.com.br\/home\/wp-json\/wp\/v2\/pages"}],"about":[{"href":"https:\/\/colecaocontai.com.br\/home\/wp-json\/wp\/v2\/types\/page"}],"author":[{"embeddable":true,"href":"https:\/\/colecaocontai.com.br\/home\/wp-json\/wp\/v2\/users\/1"}],"replies":[{"embeddable":true,"href":"https:\/\/colecaocontai.com.br\/home\/wp-json\/wp\/v2\/comments?post=1138"}],"version-history":[{"count":16,"href":"https:\/\/colecaocontai.com.br\/home\/wp-json\/wp\/v2\/pages\/1138\/revisions"}],"predecessor-version":[{"id":1481,"href":"https:\/\/colecaocontai.com.br\/home\/wp-json\/wp\/v2\/pages\/1138\/revisions\/1481"}],"wp:attachment":[{"href":"https:\/\/colecaocontai.com.br\/home\/wp-json\/wp\/v2\/media?parent=1138"}],"curies":[{"name":"wp","href":"https:\/\/api.w.org\/{rel}","templated":true}]}}