{"id":1140,"date":"2022-02-15T09:50:35","date_gmt":"2022-02-15T12:50:35","guid":{"rendered":"https:\/\/colecaocontai.com.br\/home\/?page_id=1140"},"modified":"2025-09-23T09:35:31","modified_gmt":"2025-09-23T12:35:31","slug":"livro-5","status":"publish","type":"page","link":"https:\/\/colecaocontai.com.br\/home\/livro-5\/","title":{"rendered":"Livro 5"},"content":{"rendered":"\t\t<div data-elementor-type=\"wp-page\" data-elementor-id=\"1140\" class=\"elementor elementor-1140\" data-elementor-post-type=\"page\">\n\t\t\t\t\t\t<section class=\"elementor-section elementor-top-section elementor-element elementor-element-4191a8e elementor-section-boxed elementor-section-height-default elementor-section-height-default\" data-id=\"4191a8e\" data-element_type=\"section\">\n\t\t\t\t\t\t<div class=\"elementor-container elementor-column-gap-default\">\n\t\t\t\t\t<div class=\"elementor-column elementor-col-100 elementor-top-column elementor-element elementor-element-9b60a42\" data-id=\"9b60a42\" data-element_type=\"column\">\n\t\t\t<div class=\"elementor-widget-wrap elementor-element-populated\">\n\t\t\t\t\t\t<section class=\"elementor-section elementor-inner-section elementor-element elementor-element-2525bff elementor-section-boxed elementor-section-height-default elementor-section-height-default\" data-id=\"2525bff\" data-element_type=\"section\">\n\t\t\t\t\t\t<div class=\"elementor-container elementor-column-gap-default\">\n\t\t\t\t\t<div class=\"elementor-column elementor-col-50 elementor-inner-column elementor-element elementor-element-370ac31\" data-id=\"370ac31\" data-element_type=\"column\">\n\t\t\t<div class=\"elementor-widget-wrap elementor-element-populated\">\n\t\t\t\t\t\t<div class=\"elementor-element elementor-element-a58bf8e elementor-widget elementor-widget-image\" data-id=\"a58bf8e\" data-element_type=\"widget\" data-widget_type=\"image.default\">\n\t\t\t\t<div class=\"elementor-widget-container\">\n\t\t\t\t\t\t\t\t\t\t\t\t\t\t\t<img fetchpriority=\"high\" decoding=\"async\" width=\"576\" height=\"1024\" src=\"https:\/\/colecaocontai.com.br\/home\/wp-content\/uploads\/2022\/02\/Capa-livro-5-576x1024.png\" class=\"attachment-large size-large wp-image-1151\" alt=\"\" srcset=\"https:\/\/colecaocontai.com.br\/home\/wp-content\/uploads\/2022\/02\/Capa-livro-5-576x1024.png 576w, https:\/\/colecaocontai.com.br\/home\/wp-content\/uploads\/2022\/02\/Capa-livro-5-169x300.png 169w, https:\/\/colecaocontai.com.br\/home\/wp-content\/uploads\/2022\/02\/Capa-livro-5-768x1365.png 768w, https:\/\/colecaocontai.com.br\/home\/wp-content\/uploads\/2022\/02\/Capa-livro-5-864x1536.png 864w, https:\/\/colecaocontai.com.br\/home\/wp-content\/uploads\/2022\/02\/Capa-livro-5-1152x2048.png 1152w, https:\/\/colecaocontai.com.br\/home\/wp-content\/uploads\/2022\/02\/Capa-livro-5-1568x2788.png 1568w\" sizes=\"(max-width: 576px) 100vw, 576px\" style=\"width:100%;height:177.78%;max-width:4500px\" \/>\t\t\t\t\t\t\t\t\t\t\t\t\t\t\t<\/div>\n\t\t\t\t<\/div>\n\t\t\t\t\t<\/div>\n\t\t<\/div>\n\t\t\t\t<div class=\"elementor-column elementor-col-50 elementor-inner-column elementor-element elementor-element-f03789c\" data-id=\"f03789c\" data-element_type=\"column\">\n\t\t\t<div class=\"elementor-widget-wrap elementor-element-populated\">\n\t\t\t\t\t\t<div class=\"elementor-element elementor-element-8ca27e9 elementor-widget elementor-widget-heading\" data-id=\"8ca27e9\" data-element_type=\"widget\" data-widget_type=\"heading.default\">\n\t\t\t\t<div class=\"elementor-widget-container\">\n\t\t\t\t\t<h2 class=\"elementor-heading-title elementor-size-default\">O empreendedorismo<\/h2>\t\t\t\t<\/div>\n\t\t\t\t<\/div>\n\t\t\t\t<div class=\"elementor-element elementor-element-b8d6238 elementor-widget elementor-widget-text-editor\" data-id=\"b8d6238\" data-element_type=\"widget\" data-widget_type=\"text-editor.default\">\n\t\t\t\t<div class=\"elementor-widget-container\">\n\t\t\t\t\t\t\t\t\t<p>LUZ, C\u00c2MERA, A\u00c7\u00c3O! Cau\u00e3, Sofia e Matheus precisam gravar o v\u00eddeo do projeto de Educa\u00e7\u00e3o Financeira. \u00c9 semifinal do concurso e o grupo que ganhar essa etapa estar\u00e1 mais perto do t\u00e3o sonhado smartphone de \u00faltima gera\u00e7\u00e3o!<br \/><br \/>O tema da vez \u00e9 empreendedorismo. E, para sua pesquisa, eles entrevistaram um empreendedor, ou melhor, empreendedora: tia Tay, confeiteira de m\u00e3o cheia super controlada com as finan\u00e7as. \u00c9 ela que vai tirar as d\u00favidas sobre custos, produ\u00e7\u00e3o, precifica\u00e7\u00e3o, vendas e lucro. Parece complicado, mas n\u00e3o \u00e9!<br \/><br \/>Ah! O Dia dos Namorados vem a\u00ed! Nicolas est\u00e1 planejando um evento especial com a turma: uma Sess\u00e3o Pipoca com filmes do Enri P\u00f3pis. Ser\u00e1 que h\u00e1 um clima de romance no ar?<\/p>\t\t\t\t\t\t\t\t<\/div>\n\t\t\t\t<\/div>\n\t\t\t\t<div class=\"elementor-element elementor-element-7103e08 elementor-align-center elementor-widget elementor-widget-button\" data-id=\"7103e08\" data-element_type=\"widget\" data-widget_type=\"button.default\">\n\t\t\t\t<div class=\"elementor-widget-container\">\n\t\t\t\t\t\t\t\t\t<div class=\"elementor-button-wrapper\">\n\t\t\t\t\t<a class=\"elementor-button elementor-button-link elementor-size-sm\" href=\"https:\/\/colecaocontai.com.br\/home\/dica-5-o-empreendedorismo\/\" target=\"_blank\">\n\t\t\t\t\t\t<span class=\"elementor-button-content-wrapper\">\n\t\t\t\t\t\t<span class=\"elementor-button-icon\">\n\t\t\t\t<i aria-hidden=\"true\" class=\"fas fa-book\"><\/i>\t\t\t<\/span>\n\t\t\t\t\t\t\t\t\t<span class=\"elementor-button-text\">Leia online<\/span>\n\t\t\t\t\t<\/span>\n\t\t\t\t\t<\/a>\n\t\t\t\t<\/div>\n\t\t\t\t\t\t\t\t<\/div>\n\t\t\t\t<\/div>\n\t\t\t\t<div class=\"elementor-element elementor-element-6100b0f elementor-align-center elementor-widget elementor-widget-button\" data-id=\"6100b0f\" data-element_type=\"widget\" data-widget_type=\"button.default\">\n\t\t\t\t<div class=\"elementor-widget-container\">\n\t\t\t\t\t\t\t\t\t<div class=\"elementor-button-wrapper\">\n\t\t\t\t\t<a class=\"elementor-button elementor-button-link elementor-size-sm\" href=\"https:\/\/colecaocontai.com.br\/home\/download\/1162\/\" target=\"_blank\">\n\t\t\t\t\t\t<span class=\"elementor-button-content-wrapper\">\n\t\t\t\t\t\t<span class=\"elementor-button-icon\">\n\t\t\t\t<i aria-hidden=\"true\" class=\"fas fa-book\"><\/i>\t\t\t<\/span>\n\t\t\t\t\t\t\t\t\t<span class=\"elementor-button-text\">Baixe para ler no computador<\/span>\n\t\t\t\t\t<\/span>\n\t\t\t\t\t<\/a>\n\t\t\t\t<\/div>\n\t\t\t\t\t\t\t\t<\/div>\n\t\t\t\t<\/div>\n\t\t\t\t<div class=\"elementor-element elementor-element-5f85a80 elementor-align-center elementor-widget elementor-widget-button\" data-id=\"5f85a80\" data-element_type=\"widget\" data-widget_type=\"button.default\">\n\t\t\t\t<div class=\"elementor-widget-container\">\n\t\t\t\t\t\t\t\t\t<div class=\"elementor-button-wrapper\">\n\t\t\t\t\t<a class=\"elementor-button elementor-button-link elementor-size-sm\" href=\"https:\/\/colecaocontai.com.br\/home\/download\/1158\/\" target=\"_blank\">\n\t\t\t\t\t\t<span class=\"elementor-button-content-wrapper\">\n\t\t\t\t\t\t<span class=\"elementor-button-icon\">\n\t\t\t\t<i aria-hidden=\"true\" class=\"fas fa-book\"><\/i>\t\t\t<\/span>\n\t\t\t\t\t\t\t\t\t<span class=\"elementor-button-text\">Baixe para imprimir<\/span>\n\t\t\t\t\t<\/span>\n\t\t\t\t\t<\/a>\n\t\t\t\t<\/div>\n\t\t\t\t\t\t\t\t<\/div>\n\t\t\t\t<\/div>\n\t\t\t\t<div class=\"elementor-element elementor-element-c25f21e elementor-widget elementor-widget-heading\" data-id=\"c25f21e\" data-element_type=\"widget\" data-widget_type=\"heading.default\">\n\t\t\t\t<div class=\"elementor-widget-container\">\n\t\t\t\t\t<h2 class=\"elementor-heading-title elementor-size-default\">Compartilhe este livro.<\/h2>\t\t\t\t<\/div>\n\t\t\t\t<\/div>\n\t\t\t\t<div class=\"elementor-element elementor-element-9fca411 elementor-share-buttons--view-icon elementor-share-buttons--shape-rounded elementor-share-buttons--align-center elementor-share-buttons--skin-gradient elementor-grid-0 elementor-share-buttons--color-official elementor-widget elementor-widget-share-buttons\" data-id=\"9fca411\" data-element_type=\"widget\" data-widget_type=\"share-buttons.default\">\n\t\t\t\t<div class=\"elementor-widget-container\">\n\t\t\t\t\t\t\t<div class=\"elementor-grid\" role=\"list\">\n\t\t\t\t\t\t\t\t<div class=\"elementor-grid-item\" role=\"listitem\">\n\t\t\t\t\t\t<div class=\"elementor-share-btn elementor-share-btn_facebook\" role=\"button\" tabindex=\"0\" aria-label=\"Share on facebook\">\n\t\t\t\t\t\t\t\t\t\t\t\t\t\t\t<span class=\"elementor-share-btn__icon\">\n\t\t\t\t\t\t\t\t<i class=\"fab fa-facebook\" aria-hidden=\"true\"><\/i>\t\t\t\t\t\t\t<\/span>\n\t\t\t\t\t\t\t\t\t\t\t\t\t\t\t\t\t\t\t\t<\/div>\n\t\t\t\t\t<\/div>\n\t\t\t\t\t\t\t\t\t<div class=\"elementor-grid-item\" role=\"listitem\">\n\t\t\t\t\t\t<div class=\"elementor-share-btn elementor-share-btn_twitter\" role=\"button\" tabindex=\"0\" aria-label=\"Share on twitter\">\n\t\t\t\t\t\t\t\t\t\t\t\t\t\t\t<span class=\"elementor-share-btn__icon\">\n\t\t\t\t\t\t\t\t<i class=\"fab fa-twitter\" aria-hidden=\"true\"><\/i>\t\t\t\t\t\t\t<\/span>\n\t\t\t\t\t\t\t\t\t\t\t\t\t\t\t\t\t\t\t\t<\/div>\n\t\t\t\t\t<\/div>\n\t\t\t\t\t\t\t\t\t<div class=\"elementor-grid-item\" role=\"listitem\">\n\t\t\t\t\t\t<div class=\"elementor-share-btn elementor-share-btn_linkedin\" role=\"button\" tabindex=\"0\" aria-label=\"Share on linkedin\">\n\t\t\t\t\t\t\t\t\t\t\t\t\t\t\t<span class=\"elementor-share-btn__icon\">\n\t\t\t\t\t\t\t\t<i class=\"fab fa-linkedin\" aria-hidden=\"true\"><\/i>\t\t\t\t\t\t\t<\/span>\n\t\t\t\t\t\t\t\t\t\t\t\t\t\t\t\t\t\t\t\t<\/div>\n\t\t\t\t\t<\/div>\n\t\t\t\t\t\t\t\t\t<div class=\"elementor-grid-item\" role=\"listitem\">\n\t\t\t\t\t\t<div class=\"elementor-share-btn elementor-share-btn_whatsapp\" role=\"button\" tabindex=\"0\" aria-label=\"Share on whatsapp\">\n\t\t\t\t\t\t\t\t\t\t\t\t\t\t\t<span class=\"elementor-share-btn__icon\">\n\t\t\t\t\t\t\t\t<i class=\"fab fa-whatsapp\" aria-hidden=\"true\"><\/i>\t\t\t\t\t\t\t<\/span>\n\t\t\t\t\t\t\t\t\t\t\t\t\t\t\t\t\t\t\t\t<\/div>\n\t\t\t\t\t<\/div>\n\t\t\t\t\t\t\t\t\t<div class=\"elementor-grid-item\" role=\"listitem\">\n\t\t\t\t\t\t<div class=\"elementor-share-btn elementor-share-btn_email\" role=\"button\" tabindex=\"0\" aria-label=\"Share on email\">\n\t\t\t\t\t\t\t\t\t\t\t\t\t\t\t<span class=\"elementor-share-btn__icon\">\n\t\t\t\t\t\t\t\t<i class=\"fas fa-envelope\" aria-hidden=\"true\"><\/i>\t\t\t\t\t\t\t<\/span>\n\t\t\t\t\t\t\t\t\t\t\t\t\t\t\t\t\t\t\t\t<\/div>\n\t\t\t\t\t<\/div>\n\t\t\t\t\t\t<\/div>\n\t\t\t\t\t\t<\/div>\n\t\t\t\t<\/div>\n\t\t\t\t\t<\/div>\n\t\t<\/div>\n\t\t\t\t\t<\/div>\n\t\t<\/section>\n\t\t\t\t\t<\/div>\n\t\t<\/div>\n\t\t\t\t\t<\/div>\n\t\t<\/section>\n\t\t\t\t<\/div>\n\t\t","protected":false},"excerpt":{"rendered":"<p>O empreendedorismo LUZ, C\u00c2MERA, A\u00c7\u00c3O! Cau\u00e3, Sofia e Matheus precisam gravar o v\u00eddeo do projeto de Educa\u00e7\u00e3o Financeira. \u00c9 semifinal do concurso e o grupo que ganhar essa etapa estar\u00e1 mais perto do t\u00e3o sonhado smartphone de \u00faltima gera\u00e7\u00e3o! O tema da vez \u00e9 empreendedorismo. E, para sua pesquisa, eles entrevistaram um empreendedor, ou melhor,&hellip; <a class=\"more-link\" href=\"https:\/\/colecaocontai.com.br\/home\/livro-5\/\">Continuar lendo <span class=\"screen-reader-text\">Livro 5<\/span><\/a><\/p>\n","protected":false},"author":1,"featured_media":0,"parent":0,"menu_order":0,"comment_status":"closed","ping_status":"closed","template":"elementor_header_footer","meta":{"footnotes":""},"class_list":["post-1140","page","type-page","status-publish","hentry","entry"],"yoast_head":"<!-- This site is optimized with the Yoast SEO plugin v18.1 - https:\/\/yoast.com\/wordpress\/plugins\/seo\/ -->\n<title>Livro 5 | Cole\u00e7\u00e3o Conta Ai<\/title>\n<meta name=\"robots\" content=\"index, follow, max-snippet:-1, max-image-preview:large, max-video-preview:-1\" \/>\n<link rel=\"canonical\" href=\"https:\/\/colecaocontai.com.br\/home\/livro-5\/\" \/>\n<meta property=\"og:locale\" content=\"pt_BR\" \/>\n<meta property=\"og:type\" content=\"article\" \/>\n<meta property=\"og:title\" content=\"Livro 5 | Cole\u00e7\u00e3o Conta Ai\" \/>\n<meta property=\"og:description\" content=\"O empreendedorismo LUZ, C\u00c2MERA, A\u00c7\u00c3O! Cau\u00e3, Sofia e Matheus precisam gravar o v\u00eddeo do projeto de Educa\u00e7\u00e3o Financeira. \u00c9 semifinal do concurso e o grupo que ganhar essa etapa estar\u00e1 mais perto do t\u00e3o sonhado smartphone de \u00faltima gera\u00e7\u00e3o! O tema da vez \u00e9 empreendedorismo. E, para sua pesquisa, eles entrevistaram um empreendedor, ou melhor,&hellip; Continuar lendo Livro 5\" \/>\n<meta property=\"og:url\" content=\"https:\/\/colecaocontai.com.br\/home\/livro-5\/\" \/>\n<meta property=\"og:site_name\" content=\"Cole\u00e7\u00e3o Conta Ai\" \/>\n<meta property=\"article:modified_time\" content=\"2025-09-23T12:35:31+00:00\" \/>\n<meta property=\"og:image\" content=\"https:\/\/colecaocontai.com.br\/home\/wp-content\/uploads\/2022\/02\/Capa-livro-5-576x1024.png\" \/>\n<meta name=\"twitter:card\" content=\"summary_large_image\" \/>\n<meta name=\"twitter:label1\" content=\"Est. tempo de leitura\" \/>\n\t<meta name=\"twitter:data1\" content=\"2 minutos\" \/>\n<script type=\"application\/ld+json\" class=\"yoast-schema-graph\">{\"@context\":\"https:\/\/schema.org\",\"@graph\":[{\"@type\":\"Organization\",\"@id\":\"https:\/\/colecaocontai.com.br\/home\/#organization\",\"name\":\"Cole\u00e7\u00e3o Conta Ai\",\"url\":\"https:\/\/colecaocontai.com.br\/home\/\",\"sameAs\":[],\"logo\":{\"@type\":\"ImageObject\",\"@id\":\"https:\/\/colecaocontai.com.br\/home\/#logo\",\"inLanguage\":\"pt-BR\",\"url\":\"https:\/\/colecaocontai.com.br\/home\/wp-content\/uploads\/2021\/05\/logo_header.png\",\"contentUrl\":\"https:\/\/colecaocontai.com.br\/home\/wp-content\/uploads\/2021\/05\/logo_header.png\",\"width\":485,\"height\":343,\"caption\":\"Cole\u00e7\u00e3o Conta Ai\"},\"image\":{\"@id\":\"https:\/\/colecaocontai.com.br\/home\/#logo\"}},{\"@type\":\"WebSite\",\"@id\":\"https:\/\/colecaocontai.com.br\/home\/#website\",\"url\":\"https:\/\/colecaocontai.com.br\/home\/\",\"name\":\"Cole\u00e7\u00e3o Conta Ai\",\"description\":\"Educa\u00e7\u00e3o Financeira para Crian\u00e7as\",\"publisher\":{\"@id\":\"https:\/\/colecaocontai.com.br\/home\/#organization\"},\"potentialAction\":[{\"@type\":\"SearchAction\",\"target\":{\"@type\":\"EntryPoint\",\"urlTemplate\":\"https:\/\/colecaocontai.com.br\/home\/?s={search_term_string}\"},\"query-input\":\"required name=search_term_string\"}],\"inLanguage\":\"pt-BR\"},{\"@type\":\"ImageObject\",\"@id\":\"https:\/\/colecaocontai.com.br\/home\/livro-5\/#primaryimage\",\"inLanguage\":\"pt-BR\",\"url\":\"https:\/\/colecaocontai.com.br\/home\/wp-content\/uploads\/2022\/02\/Capa-livro-5.png\",\"contentUrl\":\"https:\/\/colecaocontai.com.br\/home\/wp-content\/uploads\/2022\/02\/Capa-livro-5.png\",\"width\":4500,\"height\":8000},{\"@type\":\"WebPage\",\"@id\":\"https:\/\/colecaocontai.com.br\/home\/livro-5\/#webpage\",\"url\":\"https:\/\/colecaocontai.com.br\/home\/livro-5\/\",\"name\":\"Livro 5 | Cole\u00e7\u00e3o Conta Ai\",\"isPartOf\":{\"@id\":\"https:\/\/colecaocontai.com.br\/home\/#website\"},\"primaryImageOfPage\":{\"@id\":\"https:\/\/colecaocontai.com.br\/home\/livro-5\/#primaryimage\"},\"datePublished\":\"2022-02-15T12:50:35+00:00\",\"dateModified\":\"2025-09-23T12:35:31+00:00\",\"breadcrumb\":{\"@id\":\"https:\/\/colecaocontai.com.br\/home\/livro-5\/#breadcrumb\"},\"inLanguage\":\"pt-BR\",\"potentialAction\":[{\"@type\":\"ReadAction\",\"target\":[\"https:\/\/colecaocontai.com.br\/home\/livro-5\/\"]}]},{\"@type\":\"BreadcrumbList\",\"@id\":\"https:\/\/colecaocontai.com.br\/home\/livro-5\/#breadcrumb\",\"itemListElement\":[{\"@type\":\"ListItem\",\"position\":1,\"name\":\"In\u00edcio\",\"item\":\"https:\/\/colecaocontai.com.br\/home\/\"},{\"@type\":\"ListItem\",\"position\":2,\"name\":\"Livro 5\"}]}]}<\/script>\n<!-- \/ Yoast SEO plugin. -->","yoast_head_json":{"title":"Livro 5 | Cole\u00e7\u00e3o Conta Ai","robots":{"index":"index","follow":"follow","max-snippet":"max-snippet:-1","max-image-preview":"max-image-preview:large","max-video-preview":"max-video-preview:-1"},"canonical":"https:\/\/colecaocontai.com.br\/home\/livro-5\/","og_locale":"pt_BR","og_type":"article","og_title":"Livro 5 | Cole\u00e7\u00e3o Conta Ai","og_description":"O empreendedorismo LUZ, C\u00c2MERA, A\u00c7\u00c3O! Cau\u00e3, Sofia e Matheus precisam gravar o v\u00eddeo do projeto de Educa\u00e7\u00e3o Financeira. \u00c9 semifinal do concurso e o grupo que ganhar essa etapa estar\u00e1 mais perto do t\u00e3o sonhado smartphone de \u00faltima gera\u00e7\u00e3o! O tema da vez \u00e9 empreendedorismo. E, para sua pesquisa, eles entrevistaram um empreendedor, ou melhor,&hellip; Continuar lendo Livro 5","og_url":"https:\/\/colecaocontai.com.br\/home\/livro-5\/","og_site_name":"Cole\u00e7\u00e3o Conta Ai","article_modified_time":"2025-09-23T12:35:31+00:00","og_image":[{"url":"https:\/\/colecaocontai.com.br\/home\/wp-content\/uploads\/2022\/02\/Capa-livro-5-576x1024.png"}],"twitter_card":"summary_large_image","twitter_misc":{"Est. tempo de leitura":"2 minutos"},"schema":{"@context":"https:\/\/schema.org","@graph":[{"@type":"Organization","@id":"https:\/\/colecaocontai.com.br\/home\/#organization","name":"Cole\u00e7\u00e3o Conta Ai","url":"https:\/\/colecaocontai.com.br\/home\/","sameAs":[],"logo":{"@type":"ImageObject","@id":"https:\/\/colecaocontai.com.br\/home\/#logo","inLanguage":"pt-BR","url":"https:\/\/colecaocontai.com.br\/home\/wp-content\/uploads\/2021\/05\/logo_header.png","contentUrl":"https:\/\/colecaocontai.com.br\/home\/wp-content\/uploads\/2021\/05\/logo_header.png","width":485,"height":343,"caption":"Cole\u00e7\u00e3o Conta Ai"},"image":{"@id":"https:\/\/colecaocontai.com.br\/home\/#logo"}},{"@type":"WebSite","@id":"https:\/\/colecaocontai.com.br\/home\/#website","url":"https:\/\/colecaocontai.com.br\/home\/","name":"Cole\u00e7\u00e3o Conta Ai","description":"Educa\u00e7\u00e3o Financeira para Crian\u00e7as","publisher":{"@id":"https:\/\/colecaocontai.com.br\/home\/#organization"},"potentialAction":[{"@type":"SearchAction","target":{"@type":"EntryPoint","urlTemplate":"https:\/\/colecaocontai.com.br\/home\/?s={search_term_string}"},"query-input":"required name=search_term_string"}],"inLanguage":"pt-BR"},{"@type":"ImageObject","@id":"https:\/\/colecaocontai.com.br\/home\/livro-5\/#primaryimage","inLanguage":"pt-BR","url":"https:\/\/colecaocontai.com.br\/home\/wp-content\/uploads\/2022\/02\/Capa-livro-5.png","contentUrl":"https:\/\/colecaocontai.com.br\/home\/wp-content\/uploads\/2022\/02\/Capa-livro-5.png","width":4500,"height":8000},{"@type":"WebPage","@id":"https:\/\/colecaocontai.com.br\/home\/livro-5\/#webpage","url":"https:\/\/colecaocontai.com.br\/home\/livro-5\/","name":"Livro 5 | Cole\u00e7\u00e3o Conta Ai","isPartOf":{"@id":"https:\/\/colecaocontai.com.br\/home\/#website"},"primaryImageOfPage":{"@id":"https:\/\/colecaocontai.com.br\/home\/livro-5\/#primaryimage"},"datePublished":"2022-02-15T12:50:35+00:00","dateModified":"2025-09-23T12:35:31+00:00","breadcrumb":{"@id":"https:\/\/colecaocontai.com.br\/home\/livro-5\/#breadcrumb"},"inLanguage":"pt-BR","potentialAction":[{"@type":"ReadAction","target":["https:\/\/colecaocontai.com.br\/home\/livro-5\/"]}]},{"@type":"BreadcrumbList","@id":"https:\/\/colecaocontai.com.br\/home\/livro-5\/#breadcrumb","itemListElement":[{"@type":"ListItem","position":1,"name":"In\u00edcio","item":"https:\/\/colecaocontai.com.br\/home\/"},{"@type":"ListItem","position":2,"name":"Livro 5"}]}]}},"_links":{"self":[{"href":"https:\/\/colecaocontai.com.br\/home\/wp-json\/wp\/v2\/pages\/1140"}],"collection":[{"href":"https:\/\/colecaocontai.com.br\/home\/wp-json\/wp\/v2\/pages"}],"about":[{"href":"https:\/\/colecaocontai.com.br\/home\/wp-json\/wp\/v2\/types\/page"}],"author":[{"embeddable":true,"href":"https:\/\/colecaocontai.com.br\/home\/wp-json\/wp\/v2\/users\/1"}],"replies":[{"embeddable":true,"href":"https:\/\/colecaocontai.com.br\/home\/wp-json\/wp\/v2\/comments?post=1140"}],"version-history":[{"count":28,"href":"https:\/\/colecaocontai.com.br\/home\/wp-json\/wp\/v2\/pages\/1140\/revisions"}],"predecessor-version":[{"id":1551,"href":"https:\/\/colecaocontai.com.br\/home\/wp-json\/wp\/v2\/pages\/1140\/revisions\/1551"}],"wp:attachment":[{"href":"https:\/\/colecaocontai.com.br\/home\/wp-json\/wp\/v2\/media?parent=1140"}],"curies":[{"name":"wp","href":"https:\/\/api.w.org\/{rel}","templated":true}]}}