{"id":206,"date":"2021-05-10T16:51:46","date_gmt":"2021-05-10T16:51:46","guid":{"rendered":"https:\/\/colecaocontai.com.br\/home\/?page_id=206"},"modified":"2021-06-07T15:09:05","modified_gmt":"2021-06-07T15:09:05","slug":"termos-e-condicoes-de-uso","status":"publish","type":"page","link":"https:\/\/colecaocontai.com.br\/home\/termos-e-condicoes-de-uso\/","title":{"rendered":"Termos e Condi\u00e7\u00f5es de Uso"},"content":{"rendered":"\t\t<div data-elementor-type=\"wp-page\" data-elementor-id=\"206\" class=\"elementor elementor-206\" data-elementor-post-type=\"page\">\n\t\t\t\t\t\t<section class=\"elementor-section elementor-top-section elementor-element elementor-element-6f1e1376 elementor-section-boxed elementor-section-height-default elementor-section-height-default\" data-id=\"6f1e1376\" data-element_type=\"section\">\n\t\t\t\t\t\t<div class=\"elementor-container elementor-column-gap-default\">\n\t\t\t\t\t<div class=\"elementor-column elementor-col-100 elementor-top-column elementor-element elementor-element-6fb9bf45\" data-id=\"6fb9bf45\" data-element_type=\"column\">\n\t\t\t<div class=\"elementor-widget-wrap elementor-element-populated\">\n\t\t\t\t\t\t<section class=\"elementor-section elementor-inner-section elementor-element elementor-element-a96b19e elementor-section-boxed elementor-section-height-default elementor-section-height-default\" data-id=\"a96b19e\" data-element_type=\"section\">\n\t\t\t\t\t\t<div class=\"elementor-container elementor-column-gap-default\">\n\t\t\t\t\t<div class=\"elementor-column elementor-col-50 elementor-inner-column elementor-element elementor-element-505aba8\" data-id=\"505aba8\" data-element_type=\"column\">\n\t\t\t<div class=\"elementor-widget-wrap\">\n\t\t\t\t\t\t\t<\/div>\n\t\t<\/div>\n\t\t\t\t<div class=\"elementor-column elementor-col-50 elementor-inner-column elementor-element elementor-element-cdb60e6\" data-id=\"cdb60e6\" data-element_type=\"column\">\n\t\t\t<div class=\"elementor-widget-wrap\">\n\t\t\t\t\t\t\t<\/div>\n\t\t<\/div>\n\t\t\t\t\t<\/div>\n\t\t<\/section>\n\t\t\t\t<div class=\"elementor-element elementor-element-da77323 elementor-widget elementor-widget-heading\" data-id=\"da77323\" data-element_type=\"widget\" data-widget_type=\"heading.default\">\n\t\t\t\t<div class=\"elementor-widget-container\">\n\t\t\t\t\t<h2 class=\"elementor-heading-title elementor-size-default\">Termos e Condi\u00e7\u00f5es de Uso<\/h2>\t\t\t\t<\/div>\n\t\t\t\t<\/div>\n\t\t\t\t\t<\/div>\n\t\t<\/div>\n\t\t\t\t\t<\/div>\n\t\t<\/section>\n\t\t\t\t<section class=\"elementor-section elementor-top-section elementor-element elementor-element-cf2924d elementor-section-boxed elementor-section-height-default elementor-section-height-default\" data-id=\"cf2924d\" data-element_type=\"section\">\n\t\t\t\t\t\t<div class=\"elementor-container elementor-column-gap-default\">\n\t\t\t\t\t<div class=\"elementor-column elementor-col-100 elementor-top-column elementor-element elementor-element-5537ce2\" data-id=\"5537ce2\" data-element_type=\"column\">\n\t\t\t<div class=\"elementor-widget-wrap elementor-element-populated\">\n\t\t\t\t\t\t<section class=\"elementor-section elementor-inner-section elementor-element elementor-element-8394d63 elementor-section-boxed elementor-section-height-default elementor-section-height-default\" data-id=\"8394d63\" data-element_type=\"section\">\n\t\t\t\t\t\t<div class=\"elementor-container elementor-column-gap-default\">\n\t\t\t\t\t<div class=\"elementor-column elementor-col-100 elementor-inner-column elementor-element elementor-element-276da3e\" data-id=\"276da3e\" data-element_type=\"column\">\n\t\t\t<div class=\"elementor-widget-wrap elementor-element-populated\">\n\t\t\t\t\t\t<div class=\"elementor-element elementor-element-f88e109 elementor-widget elementor-widget-text-editor\" data-id=\"f88e109\" data-element_type=\"widget\" data-widget_type=\"text-editor.default\">\n\t\t\t\t<div class=\"elementor-widget-container\">\n\t\t\t\t\t\t\t\t\t<p style=\"text-align: justify;\">Bem-vindo ao website <strong>COLE\u00c7\u00c3O CONTA\u00cd!<\/strong> O acesso ao conte\u00fado deste website importa na aceita\u00e7\u00e3o pelo USU\u00c1RIO de todos os Termos de Uso e Pol\u00edtica de Privacidade aqui expostos.<\/p><p style=\"text-align: justify;\">Os Termos de Uso e Pol\u00edtica de Privacidade apresentam as condi\u00e7\u00f5es gerais aplic\u00e1veis ao uso do website COLE\u00c7\u00c3O CONTA\u00cd (doravante denominado apenas WEBSITE), administrado por PRADO PIMENTA CONTE\u00daDO MULTIMIDIA LTDA, inscrita no CNPJ sob n.o 41.034.685\/0001-74, com endere\u00e7o na Rua Waldir Gaioso, 410l bl 01, ap 505, S\u00e3o Jos\u00e9 dos Campos\/SP, CEP 12215-580.<\/p><p>\u00a0<\/p><p style=\"text-align: justify;\"><strong>1. O QUE \u00c9 E COMO FUNCIONA O WEBSITE COLE\u00c7\u00c3O CONTA\u00cd<\/strong><br \/>A COLE\u00c7\u00c3O CONTA\u00cd \u00e9 uma s\u00e9rie de seis livros digitais e gratuitos sobre educa\u00e7\u00e3o financeira para o p\u00fablico infantojuvenil.<br \/>O conte\u00fado pode ser acessado pelo endere\u00e7o https:\/\/www.colecaocontai.com.br. N\u00e3o \u00e9 necess\u00e1rio qualquer cadastro pr\u00e9vio para leitura, que pode ser realizada no pr\u00f3prio navegador assim como por meio de download do arquivo.<\/p><p>\u00a0<\/p><p style=\"text-align: justify;\"><strong>2. ACESSO, PRIVACIDADE E PROTE\u00c7\u00c3O DE DADOS<\/strong><br \/>O USU\u00c1RIO menor de 18 anos deve se certificar de ter lido estes Termos com seus pais ou representantes legais, que dever\u00e3o aprovar todo o seu conte\u00fado. Toda e qualquer pessoa menor de 18 anos somente poder\u00e1 fornecer dados pessoais se devidamente representada e autorizada por seus pais ou representantes legais.<br \/>O WEBSITE se compromete a respeitar a privacidade de seus USU\u00c1RIOS e n\u00e3o solicita quaisquer cadastro ou dados pessoais para acesso a seu conte\u00fado, exceto na hip\u00f3tese em que o USU\u00c1RIO deseje entrar em contato por meio do canal CONTATO\/FALE CONOSCO, quando dever\u00e1 fornecer nome completo e endere\u00e7o de e-mail.<br \/>Neste caso, o WEBSITE se obriga-se a utilizar os dados fornecidos unicamente para comunica\u00e7\u00e3o com o USU\u00c1RIO, e em nenhum caso ser\u00e3o compartilhados sem o seu<br \/>consentimento com terceiros, salvo para o servidor onde porventura venham a ficar armazenados ou para o cumprimento de determina\u00e7\u00f5es de autoridades judiciais ou administrativas.<br \/>O WEBSITE se compromete a adotar as melhores pr\u00e1ticas relacionadas a medidas t\u00e9cnicas e organizacionais para prote\u00e7\u00e3o dos dados pessoais do USU\u00c1RIO, mantendo-os armazenados pelo per\u00edodo necess\u00e1rio ao cumprimento de sua finalidade bem como para resolu\u00e7\u00e3o de eventuais disputas.<\/p><p style=\"text-align: justify;\">O conte\u00fado das mensagens enviadas \u00e9 restrito apenas aos funcion\u00e1rios do WEBSITE ou<br \/>outras pessoas autorizadas.<\/p><p style=\"text-align: justify;\">Quando necess\u00e1rio, o USU\u00c1RIO, na condi\u00e7\u00e3o de titular de dados pessoais, poder\u00e1 requisitar informa\u00e7\u00f5es ao WEBSITE para o exerc\u00edcio dos direitos a que se refere o art. 18 da Lei 13.709\/0218 (Lei Geral de Prote\u00e7\u00e3o de Dados) por meio do canal FALE CONOSCO ou pelo e-mail contato@colecaocontai.com.br, da Encarregada de Dados, Paula Maria Prado Pimenta.<br \/>O USU\u00c1RIO se compromete a fornecer informa\u00e7\u00f5es verdadeiras, exatas, atuais e completas quando desejar entrar em contato, e ser\u00e1 responsabilizado por qualquer informa\u00e7\u00e3o falsa, incorreta, desatualizada ou incompleta fornecida.<\/p><p>\u00a0<\/p><p style=\"text-align: justify;\"><strong>3. POL\u00cdTICA DE COOKIES<\/strong><br \/>O WEBSITE utiliza cookies para otimizar a experi\u00eancia de navega\u00e7\u00e3o dos USU\u00c1RIOS, a partir da an\u00e1lise de estat\u00edsticas gerais de uso sem identifica\u00e7\u00e3o do USU\u00c1RIO.<\/p><p>\u00a0<\/p><p style=\"text-align: justify;\"><strong>4. PROPRIEDADE INTELECTUAL<\/strong><br \/>Todos os direitos relativos ao WEBSITE e suas funcionalidades s\u00e3o de propriedade da DMCard Cart\u00f5es de Cr\u00e9dito SA, inclusive seus textos, imagens, layouts, marca, logo, personagens e demais conte\u00fados produzidos direta ou indiretamente.<br \/>O USU\u00c1RIO poder\u00e1 baixar os livros e compartilhar seu conte\u00fado, desde\u00a0 autoria a DMCard Cart\u00f5es de Cr\u00e9dito SA e n\u00e3o o fa\u00e7a de forma comercial.<br \/>A utiliza\u00e7\u00e3o indevida do conte\u00fado de propriedade do WEBSITE poder\u00e1\u00a0 \u00a0responsabilidade civil ou criminal, de acordo com a natureza da infra\u00e7\u00e3o.<\/p><p>\u00a0<\/p><p style=\"text-align: justify;\"><strong>5. RESPONSABILIDADE<\/strong><br \/>O WEBSITE n\u00e3o se responsabiliza pelas falhas de acesso ou navega\u00e7\u00e3o decorrentes de circunst\u00e2ncias alheias \u00e0 sua vontade e controle, inclusive, sem limita\u00e7\u00e3o, falhas na Internet em geral, quedas de energia, mau funcionamento eletr\u00f4nico e\/ou f\u00edsico de qualquer rede de telecomunica\u00e7\u00f5es, interrup\u00e7\u00f5es ou suspens\u00f5es de conex\u00e3o e falhas de software e\/ou hardware do USU\u00c1RIO, bem como paralisa\u00e7\u00f5es programadas para manuten\u00e7\u00e3o, atualiza\u00e7\u00e3o e ajustes de configura\u00e7\u00e3o, tampouco eventos decorrentes de situa\u00e7\u00f5es de for\u00e7a maior.<\/p><p>\u00a0<\/p><p style=\"text-align: justify;\"><strong>6. ALTERA\u00c7\u00c3O DOS TERMOS<\/strong><br \/>Os presentes Termos permanecer\u00e3o vigentes por prazo indeterminado, podendo sofrer altera\u00e7\u00f5es a qualquer momento, sem aviso pr\u00e9vio.<\/p><p>\u00a0<\/p><p style=\"text-align: justify;\"><strong>7. LEI APLIC\u00c1VEL<\/strong><br \/>Estes termos de servi\u00e7o s\u00e3o regidos \u00fanica e exclusivamente pelas leis brasileiras, sendo que qualquer a\u00e7\u00e3o judicial relativa \u00e0 sua interpreta\u00e7\u00e3o ou aplica\u00e7\u00e3o dever\u00e1 ser processadan e julgada pelo Poder Judici\u00e1rio Brasileiro.<br \/>O foro eleito para resolu\u00e7\u00e3o de eventuais conflitos \u00e9 o da comarca de S\u00e3o Jos\u00e9 dos Campos\/SP, com exclus\u00e3o de qualquer outro, por mais privilegiado que seja.<\/p><p>\u00a0<\/p><p style=\"text-align: justify;\"><em>\u00daltima altera\u00e7\u00e3o: 01.06.2021<\/em><\/p>\t\t\t\t\t\t\t\t<\/div>\n\t\t\t\t<\/div>\n\t\t\t\t\t<\/div>\n\t\t<\/div>\n\t\t\t\t\t<\/div>\n\t\t<\/section>\n\t\t\t\t\t<\/div>\n\t\t<\/div>\n\t\t\t\t\t<\/div>\n\t\t<\/section>\n\t\t\t\t<\/div>\n\t\t","protected":false},"excerpt":{"rendered":"<p>Termos e Condi\u00e7\u00f5es de Uso Bem-vindo ao website COLE\u00c7\u00c3O CONTA\u00cd! O acesso ao conte\u00fado deste website importa na aceita\u00e7\u00e3o pelo USU\u00c1RIO de todos os Termos de Uso e Pol\u00edtica de Privacidade aqui expostos. Os Termos de Uso e Pol\u00edtica de Privacidade apresentam as condi\u00e7\u00f5es gerais aplic\u00e1veis ao uso do website COLE\u00c7\u00c3O CONTA\u00cd (doravante denominado apenas&hellip; <a class=\"more-link\" href=\"https:\/\/colecaocontai.com.br\/home\/termos-e-condicoes-de-uso\/\">Continuar lendo <span class=\"screen-reader-text\">Termos e Condi\u00e7\u00f5es de Uso<\/span><\/a><\/p>\n","protected":false},"author":1,"featured_media":0,"parent":0,"menu_order":0,"comment_status":"closed","ping_status":"closed","template":"elementor_header_footer","meta":{"footnotes":""},"class_list":["post-206","page","type-page","status-publish","hentry","entry"],"yoast_head":"<!-- This site is optimized with the Yoast SEO plugin v18.1 - https:\/\/yoast.com\/wordpress\/plugins\/seo\/ -->\n<title>Termos e Condi\u00e7\u00f5es de Uso | Cole\u00e7\u00e3o Conta Ai<\/title>\n<meta name=\"robots\" content=\"index, follow, max-snippet:-1, max-image-preview:large, max-video-preview:-1\" \/>\n<link rel=\"canonical\" href=\"https:\/\/colecaocontai.com.br\/home\/termos-e-condicoes-de-uso\/\" \/>\n<meta property=\"og:locale\" content=\"pt_BR\" \/>\n<meta property=\"og:type\" content=\"article\" \/>\n<meta property=\"og:title\" content=\"Termos e Condi\u00e7\u00f5es de Uso | Cole\u00e7\u00e3o Conta Ai\" \/>\n<meta property=\"og:description\" content=\"Termos e Condi\u00e7\u00f5es de Uso Bem-vindo ao website COLE\u00c7\u00c3O CONTA\u00cd! O acesso ao conte\u00fado deste website importa na aceita\u00e7\u00e3o pelo USU\u00c1RIO de todos os Termos de Uso e Pol\u00edtica de Privacidade aqui expostos. Os Termos de Uso e Pol\u00edtica de Privacidade apresentam as condi\u00e7\u00f5es gerais aplic\u00e1veis ao uso do website COLE\u00c7\u00c3O CONTA\u00cd (doravante denominado apenas&hellip; Continuar lendo Termos e Condi\u00e7\u00f5es de Uso\" \/>\n<meta property=\"og:url\" content=\"https:\/\/colecaocontai.com.br\/home\/termos-e-condicoes-de-uso\/\" \/>\n<meta property=\"og:site_name\" content=\"Cole\u00e7\u00e3o Conta Ai\" \/>\n<meta property=\"article:modified_time\" content=\"2021-06-07T15:09:05+00:00\" \/>\n<meta name=\"twitter:card\" content=\"summary_large_image\" \/>\n<meta name=\"twitter:label1\" content=\"Est. tempo de leitura\" \/>\n\t<meta name=\"twitter:data1\" content=\"4 minutos\" \/>\n<script type=\"application\/ld+json\" class=\"yoast-schema-graph\">{\"@context\":\"https:\/\/schema.org\",\"@graph\":[{\"@type\":\"Organization\",\"@id\":\"https:\/\/colecaocontai.com.br\/home\/#organization\",\"name\":\"Cole\u00e7\u00e3o Conta Ai\",\"url\":\"https:\/\/colecaocontai.com.br\/home\/\",\"sameAs\":[],\"logo\":{\"@type\":\"ImageObject\",\"@id\":\"https:\/\/colecaocontai.com.br\/home\/#logo\",\"inLanguage\":\"pt-BR\",\"url\":\"https:\/\/colecaocontai.com.br\/home\/wp-content\/uploads\/2021\/05\/logo_header.png\",\"contentUrl\":\"https:\/\/colecaocontai.com.br\/home\/wp-content\/uploads\/2021\/05\/logo_header.png\",\"width\":485,\"height\":343,\"caption\":\"Cole\u00e7\u00e3o Conta Ai\"},\"image\":{\"@id\":\"https:\/\/colecaocontai.com.br\/home\/#logo\"}},{\"@type\":\"WebSite\",\"@id\":\"https:\/\/colecaocontai.com.br\/home\/#website\",\"url\":\"https:\/\/colecaocontai.com.br\/home\/\",\"name\":\"Cole\u00e7\u00e3o Conta Ai\",\"description\":\"Educa\u00e7\u00e3o Financeira para Crian\u00e7as\",\"publisher\":{\"@id\":\"https:\/\/colecaocontai.com.br\/home\/#organization\"},\"potentialAction\":[{\"@type\":\"SearchAction\",\"target\":{\"@type\":\"EntryPoint\",\"urlTemplate\":\"https:\/\/colecaocontai.com.br\/home\/?s={search_term_string}\"},\"query-input\":\"required name=search_term_string\"}],\"inLanguage\":\"pt-BR\"},{\"@type\":\"WebPage\",\"@id\":\"https:\/\/colecaocontai.com.br\/home\/termos-e-condicoes-de-uso\/#webpage\",\"url\":\"https:\/\/colecaocontai.com.br\/home\/termos-e-condicoes-de-uso\/\",\"name\":\"Termos e Condi\u00e7\u00f5es de Uso | Cole\u00e7\u00e3o Conta Ai\",\"isPartOf\":{\"@id\":\"https:\/\/colecaocontai.com.br\/home\/#website\"},\"datePublished\":\"2021-05-10T16:51:46+00:00\",\"dateModified\":\"2021-06-07T15:09:05+00:00\",\"breadcrumb\":{\"@id\":\"https:\/\/colecaocontai.com.br\/home\/termos-e-condicoes-de-uso\/#breadcrumb\"},\"inLanguage\":\"pt-BR\",\"potentialAction\":[{\"@type\":\"ReadAction\",\"target\":[\"https:\/\/colecaocontai.com.br\/home\/termos-e-condicoes-de-uso\/\"]}]},{\"@type\":\"BreadcrumbList\",\"@id\":\"https:\/\/colecaocontai.com.br\/home\/termos-e-condicoes-de-uso\/#breadcrumb\",\"itemListElement\":[{\"@type\":\"ListItem\",\"position\":1,\"name\":\"In\u00edcio\",\"item\":\"https:\/\/colecaocontai.com.br\/home\/\"},{\"@type\":\"ListItem\",\"position\":2,\"name\":\"Termos e Condi\u00e7\u00f5es de Uso\"}]}]}<\/script>\n<!-- \/ Yoast SEO plugin. -->","yoast_head_json":{"title":"Termos e Condi\u00e7\u00f5es de Uso | Cole\u00e7\u00e3o Conta Ai","robots":{"index":"index","follow":"follow","max-snippet":"max-snippet:-1","max-image-preview":"max-image-preview:large","max-video-preview":"max-video-preview:-1"},"canonical":"https:\/\/colecaocontai.com.br\/home\/termos-e-condicoes-de-uso\/","og_locale":"pt_BR","og_type":"article","og_title":"Termos e Condi\u00e7\u00f5es de Uso | Cole\u00e7\u00e3o Conta Ai","og_description":"Termos e Condi\u00e7\u00f5es de Uso Bem-vindo ao website COLE\u00c7\u00c3O CONTA\u00cd! O acesso ao conte\u00fado deste website importa na aceita\u00e7\u00e3o pelo USU\u00c1RIO de todos os Termos de Uso e Pol\u00edtica de Privacidade aqui expostos. Os Termos de Uso e Pol\u00edtica de Privacidade apresentam as condi\u00e7\u00f5es gerais aplic\u00e1veis ao uso do website COLE\u00c7\u00c3O CONTA\u00cd (doravante denominado apenas&hellip; Continuar lendo Termos e Condi\u00e7\u00f5es de Uso","og_url":"https:\/\/colecaocontai.com.br\/home\/termos-e-condicoes-de-uso\/","og_site_name":"Cole\u00e7\u00e3o Conta Ai","article_modified_time":"2021-06-07T15:09:05+00:00","twitter_card":"summary_large_image","twitter_misc":{"Est. tempo de leitura":"4 minutos"},"schema":{"@context":"https:\/\/schema.org","@graph":[{"@type":"Organization","@id":"https:\/\/colecaocontai.com.br\/home\/#organization","name":"Cole\u00e7\u00e3o Conta Ai","url":"https:\/\/colecaocontai.com.br\/home\/","sameAs":[],"logo":{"@type":"ImageObject","@id":"https:\/\/colecaocontai.com.br\/home\/#logo","inLanguage":"pt-BR","url":"https:\/\/colecaocontai.com.br\/home\/wp-content\/uploads\/2021\/05\/logo_header.png","contentUrl":"https:\/\/colecaocontai.com.br\/home\/wp-content\/uploads\/2021\/05\/logo_header.png","width":485,"height":343,"caption":"Cole\u00e7\u00e3o Conta Ai"},"image":{"@id":"https:\/\/colecaocontai.com.br\/home\/#logo"}},{"@type":"WebSite","@id":"https:\/\/colecaocontai.com.br\/home\/#website","url":"https:\/\/colecaocontai.com.br\/home\/","name":"Cole\u00e7\u00e3o Conta Ai","description":"Educa\u00e7\u00e3o Financeira para Crian\u00e7as","publisher":{"@id":"https:\/\/colecaocontai.com.br\/home\/#organization"},"potentialAction":[{"@type":"SearchAction","target":{"@type":"EntryPoint","urlTemplate":"https:\/\/colecaocontai.com.br\/home\/?s={search_term_string}"},"query-input":"required name=search_term_string"}],"inLanguage":"pt-BR"},{"@type":"WebPage","@id":"https:\/\/colecaocontai.com.br\/home\/termos-e-condicoes-de-uso\/#webpage","url":"https:\/\/colecaocontai.com.br\/home\/termos-e-condicoes-de-uso\/","name":"Termos e Condi\u00e7\u00f5es de Uso | Cole\u00e7\u00e3o Conta Ai","isPartOf":{"@id":"https:\/\/colecaocontai.com.br\/home\/#website"},"datePublished":"2021-05-10T16:51:46+00:00","dateModified":"2021-06-07T15:09:05+00:00","breadcrumb":{"@id":"https:\/\/colecaocontai.com.br\/home\/termos-e-condicoes-de-uso\/#breadcrumb"},"inLanguage":"pt-BR","potentialAction":[{"@type":"ReadAction","target":["https:\/\/colecaocontai.com.br\/home\/termos-e-condicoes-de-uso\/"]}]},{"@type":"BreadcrumbList","@id":"https:\/\/colecaocontai.com.br\/home\/termos-e-condicoes-de-uso\/#breadcrumb","itemListElement":[{"@type":"ListItem","position":1,"name":"In\u00edcio","item":"https:\/\/colecaocontai.com.br\/home\/"},{"@type":"ListItem","position":2,"name":"Termos e Condi\u00e7\u00f5es de Uso"}]}]}},"_links":{"self":[{"href":"https:\/\/colecaocontai.com.br\/home\/wp-json\/wp\/v2\/pages\/206"}],"collection":[{"href":"https:\/\/colecaocontai.com.br\/home\/wp-json\/wp\/v2\/pages"}],"about":[{"href":"https:\/\/colecaocontai.com.br\/home\/wp-json\/wp\/v2\/types\/page"}],"author":[{"embeddable":true,"href":"https:\/\/colecaocontai.com.br\/home\/wp-json\/wp\/v2\/users\/1"}],"replies":[{"embeddable":true,"href":"https:\/\/colecaocontai.com.br\/home\/wp-json\/wp\/v2\/comments?post=206"}],"version-history":[{"count":44,"href":"https:\/\/colecaocontai.com.br\/home\/wp-json\/wp\/v2\/pages\/206\/revisions"}],"predecessor-version":[{"id":714,"href":"https:\/\/colecaocontai.com.br\/home\/wp-json\/wp\/v2\/pages\/206\/revisions\/714"}],"wp:attachment":[{"href":"https:\/\/colecaocontai.com.br\/home\/wp-json\/wp\/v2\/media?parent=206"}],"curies":[{"name":"wp","href":"https:\/\/api.w.org\/{rel}","templated":true}]}}