{"id":384,"date":"2021-05-17T21:23:25","date_gmt":"2021-05-17T21:23:25","guid":{"rendered":"https:\/\/colecaocontai.com.br\/home\/?page_id=384"},"modified":"2025-09-23T08:51:00","modified_gmt":"2025-09-23T11:51:00","slug":"livro-1","status":"publish","type":"page","link":"https:\/\/colecaocontai.com.br\/home\/livro-1\/","title":{"rendered":"Livro 1"},"content":{"rendered":"\t\t<div data-elementor-type=\"wp-page\" data-elementor-id=\"384\" class=\"elementor elementor-384\" data-elementor-post-type=\"page\">\n\t\t\t\t\t\t<section class=\"elementor-section elementor-top-section elementor-element elementor-element-4191a8e elementor-section-boxed elementor-section-height-default elementor-section-height-default\" data-id=\"4191a8e\" data-element_type=\"section\">\n\t\t\t\t\t\t<div class=\"elementor-container elementor-column-gap-default\">\n\t\t\t\t\t<div class=\"elementor-column elementor-col-100 elementor-top-column elementor-element elementor-element-9b60a42\" data-id=\"9b60a42\" data-element_type=\"column\">\n\t\t\t<div class=\"elementor-widget-wrap elementor-element-populated\">\n\t\t\t\t\t\t<section class=\"elementor-section elementor-inner-section elementor-element elementor-element-2525bff elementor-section-boxed elementor-section-height-default elementor-section-height-default\" data-id=\"2525bff\" data-element_type=\"section\">\n\t\t\t\t\t\t<div class=\"elementor-container elementor-column-gap-default\">\n\t\t\t\t\t<div class=\"elementor-column elementor-col-50 elementor-inner-column elementor-element elementor-element-370ac31\" data-id=\"370ac31\" data-element_type=\"column\">\n\t\t\t<div class=\"elementor-widget-wrap elementor-element-populated\">\n\t\t\t\t\t\t<div class=\"elementor-element elementor-element-a58bf8e elementor-widget elementor-widget-image\" data-id=\"a58bf8e\" data-element_type=\"widget\" data-widget_type=\"image.default\">\n\t\t\t\t<div class=\"elementor-widget-container\">\n\t\t\t\t\t\t\t\t\t\t\t\t\t\t\t<img fetchpriority=\"high\" decoding=\"async\" width=\"576\" height=\"1024\" src=\"https:\/\/colecaocontai.com.br\/home\/wp-content\/uploads\/2021\/05\/CAPAlivro1-o-concurso-576x1024.jpg\" class=\"attachment-large size-large wp-image-574\" alt=\"\" srcset=\"https:\/\/colecaocontai.com.br\/home\/wp-content\/uploads\/2021\/05\/CAPAlivro1-o-concurso-576x1024.jpg 576w, https:\/\/colecaocontai.com.br\/home\/wp-content\/uploads\/2021\/05\/CAPAlivro1-o-concurso-169x300.jpg 169w, https:\/\/colecaocontai.com.br\/home\/wp-content\/uploads\/2021\/05\/CAPAlivro1-o-concurso-768x1365.jpg 768w, https:\/\/colecaocontai.com.br\/home\/wp-content\/uploads\/2021\/05\/CAPAlivro1-o-concurso-864x1536.jpg 864w, https:\/\/colecaocontai.com.br\/home\/wp-content\/uploads\/2021\/05\/CAPAlivro1-o-concurso-1152x2048.jpg 1152w, https:\/\/colecaocontai.com.br\/home\/wp-content\/uploads\/2021\/05\/CAPAlivro1-o-concurso-scaled.jpg 1440w\" sizes=\"(max-width: 576px) 100vw, 576px\" style=\"width:100%;height:177.78%;max-width:1440px\" \/>\t\t\t\t\t\t\t\t\t\t\t\t\t\t\t<\/div>\n\t\t\t\t<\/div>\n\t\t\t\t\t<\/div>\n\t\t<\/div>\n\t\t\t\t<div class=\"elementor-column elementor-col-50 elementor-inner-column elementor-element elementor-element-f03789c\" data-id=\"f03789c\" data-element_type=\"column\">\n\t\t\t<div class=\"elementor-widget-wrap elementor-element-populated\">\n\t\t\t\t\t\t<div class=\"elementor-element elementor-element-8ca27e9 elementor-widget elementor-widget-heading\" data-id=\"8ca27e9\" data-element_type=\"widget\" data-widget_type=\"heading.default\">\n\t\t\t\t<div class=\"elementor-widget-container\">\n\t\t\t\t\t<h2 class=\"elementor-heading-title elementor-size-default\">O concurso<\/h2>\t\t\t\t<\/div>\n\t\t\t\t<\/div>\n\t\t\t\t<div class=\"elementor-element elementor-element-b8d6238 elementor-widget elementor-widget-text-editor\" data-id=\"b8d6238\" data-element_type=\"widget\" data-widget_type=\"text-editor.default\">\n\t\t\t\t<div class=\"elementor-widget-container\">\n\t\t\t\t\t\t\t\t\t<p style=\"text-align: justify;\">N\u00e3o \u00e9 f\u00e1cil ser crian\u00e7a. Cau\u00e3 que o diga! Com 12 anos de idade, ele, que adora jogos eletr\u00f4nicos e s\u00e9ries, mal pode se divertir. \u00c9 que seu celular do tempo \u2018dos dinossauros\u2019 n\u00e3o ajuda.<\/p><p>\u00a0<\/p><p style=\"text-align: justify;\">Para sua sorte, a PR\u00d4 Daniela anunciou: sua escola vai participar de um concurso na sua cidade e o melhor trabalho sobre Educa\u00e7\u00e3o Financeira levar\u00e1 o t\u00e3o sonhado pr\u00eamio: um celular de \u00faltima gera\u00e7\u00e3o!<\/p><p>\u00a0<\/p><p style=\"text-align: justify;\">Em seu di\u00e1rio DI.CA, Cau\u00e3 contar\u00e1 todos os detalhes da miss\u00e3o. Tudo o que ele quer \u00e9 ganhar o concurso\u2026 Para isso, ele contar\u00e1 com a ajuda dos amigos de escola Sophia e Matheus e de sua fam\u00edlia. Mas antes ele precisa descobrir: afinal, o que \u00e9 Educa\u00e7\u00e3o Financeira?<\/p>\t\t\t\t\t\t\t\t<\/div>\n\t\t\t\t<\/div>\n\t\t\t\t<div class=\"elementor-element elementor-element-7103e08 elementor-align-center elementor-widget elementor-widget-button\" data-id=\"7103e08\" data-element_type=\"widget\" data-widget_type=\"button.default\">\n\t\t\t\t<div class=\"elementor-widget-container\">\n\t\t\t\t\t\t\t\t\t<div class=\"elementor-button-wrapper\">\n\t\t\t\t\t<a class=\"elementor-button elementor-button-link elementor-size-sm\" href=\"https:\/\/colecaocontai.com.br\/home\/livro1-dica1-o-concurso\/\" target=\"_blank\">\n\t\t\t\t\t\t<span class=\"elementor-button-content-wrapper\">\n\t\t\t\t\t\t<span class=\"elementor-button-icon\">\n\t\t\t\t<i aria-hidden=\"true\" class=\"fas fa-book\"><\/i>\t\t\t<\/span>\n\t\t\t\t\t\t\t\t\t<span class=\"elementor-button-text\">Leia on-line<\/span>\n\t\t\t\t\t<\/span>\n\t\t\t\t\t<\/a>\n\t\t\t\t<\/div>\n\t\t\t\t\t\t\t\t<\/div>\n\t\t\t\t<\/div>\n\t\t\t\t<div class=\"elementor-element elementor-element-6100b0f elementor-align-center elementor-widget elementor-widget-button\" data-id=\"6100b0f\" data-element_type=\"widget\" data-widget_type=\"button.default\">\n\t\t\t\t<div class=\"elementor-widget-container\">\n\t\t\t\t\t\t\t\t\t<div class=\"elementor-button-wrapper\">\n\t\t\t\t\t<a class=\"elementor-button elementor-button-link elementor-size-sm\" href=\"https:\/\/colecaocontai.com.br\/home\/download\/743\/\" target=\"_blank\">\n\t\t\t\t\t\t<span class=\"elementor-button-content-wrapper\">\n\t\t\t\t\t\t<span class=\"elementor-button-icon\">\n\t\t\t\t<i aria-hidden=\"true\" class=\"fas fa-book\"><\/i>\t\t\t<\/span>\n\t\t\t\t\t\t\t\t\t<span class=\"elementor-button-text\">Baixe para ler no computador<\/span>\n\t\t\t\t\t<\/span>\n\t\t\t\t\t<\/a>\n\t\t\t\t<\/div>\n\t\t\t\t\t\t\t\t<\/div>\n\t\t\t\t<\/div>\n\t\t\t\t<div class=\"elementor-element elementor-element-5f85a80 elementor-align-center elementor-widget elementor-widget-button\" data-id=\"5f85a80\" data-element_type=\"widget\" data-widget_type=\"button.default\">\n\t\t\t\t<div class=\"elementor-widget-container\">\n\t\t\t\t\t\t\t\t\t<div class=\"elementor-button-wrapper\">\n\t\t\t\t\t<a class=\"elementor-button elementor-button-link elementor-size-sm\" href=\"https:\/\/colecaocontai.com.br\/home\/download\/726\/\" target=\"_blank\">\n\t\t\t\t\t\t<span class=\"elementor-button-content-wrapper\">\n\t\t\t\t\t\t<span class=\"elementor-button-icon\">\n\t\t\t\t<i aria-hidden=\"true\" class=\"fas fa-book\"><\/i>\t\t\t<\/span>\n\t\t\t\t\t\t\t\t\t<span class=\"elementor-button-text\">Baixe para imprimir<\/span>\n\t\t\t\t\t<\/span>\n\t\t\t\t\t<\/a>\n\t\t\t\t<\/div>\n\t\t\t\t\t\t\t\t<\/div>\n\t\t\t\t<\/div>\n\t\t\t\t<div class=\"elementor-element elementor-element-c25f21e elementor-widget elementor-widget-heading\" data-id=\"c25f21e\" data-element_type=\"widget\" data-widget_type=\"heading.default\">\n\t\t\t\t<div class=\"elementor-widget-container\">\n\t\t\t\t\t<h2 class=\"elementor-heading-title elementor-size-default\">Compartilhe este livro.<\/h2>\t\t\t\t<\/div>\n\t\t\t\t<\/div>\n\t\t\t\t<div class=\"elementor-element elementor-element-9fca411 elementor-share-buttons--view-icon elementor-share-buttons--shape-rounded elementor-share-buttons--align-center elementor-share-buttons--skin-gradient elementor-grid-0 elementor-share-buttons--color-official elementor-widget elementor-widget-share-buttons\" data-id=\"9fca411\" data-element_type=\"widget\" data-widget_type=\"share-buttons.default\">\n\t\t\t\t<div class=\"elementor-widget-container\">\n\t\t\t\t\t\t\t<div class=\"elementor-grid\" role=\"list\">\n\t\t\t\t\t\t\t\t<div class=\"elementor-grid-item\" role=\"listitem\">\n\t\t\t\t\t\t<div class=\"elementor-share-btn elementor-share-btn_facebook\" role=\"button\" tabindex=\"0\" aria-label=\"Share on facebook\">\n\t\t\t\t\t\t\t\t\t\t\t\t\t\t\t<span class=\"elementor-share-btn__icon\">\n\t\t\t\t\t\t\t\t<i class=\"fab fa-facebook\" aria-hidden=\"true\"><\/i>\t\t\t\t\t\t\t<\/span>\n\t\t\t\t\t\t\t\t\t\t\t\t\t\t\t\t\t\t\t\t<\/div>\n\t\t\t\t\t<\/div>\n\t\t\t\t\t\t\t\t\t<div class=\"elementor-grid-item\" role=\"listitem\">\n\t\t\t\t\t\t<div class=\"elementor-share-btn elementor-share-btn_twitter\" role=\"button\" tabindex=\"0\" aria-label=\"Share on twitter\">\n\t\t\t\t\t\t\t\t\t\t\t\t\t\t\t<span class=\"elementor-share-btn__icon\">\n\t\t\t\t\t\t\t\t<i class=\"fab fa-twitter\" aria-hidden=\"true\"><\/i>\t\t\t\t\t\t\t<\/span>\n\t\t\t\t\t\t\t\t\t\t\t\t\t\t\t\t\t\t\t\t<\/div>\n\t\t\t\t\t<\/div>\n\t\t\t\t\t\t\t\t\t<div class=\"elementor-grid-item\" role=\"listitem\">\n\t\t\t\t\t\t<div class=\"elementor-share-btn elementor-share-btn_linkedin\" role=\"button\" tabindex=\"0\" aria-label=\"Share on linkedin\">\n\t\t\t\t\t\t\t\t\t\t\t\t\t\t\t<span class=\"elementor-share-btn__icon\">\n\t\t\t\t\t\t\t\t<i class=\"fab fa-linkedin\" aria-hidden=\"true\"><\/i>\t\t\t\t\t\t\t<\/span>\n\t\t\t\t\t\t\t\t\t\t\t\t\t\t\t\t\t\t\t\t<\/div>\n\t\t\t\t\t<\/div>\n\t\t\t\t\t\t\t\t\t<div class=\"elementor-grid-item\" role=\"listitem\">\n\t\t\t\t\t\t<div class=\"elementor-share-btn elementor-share-btn_whatsapp\" role=\"button\" tabindex=\"0\" aria-label=\"Share on whatsapp\">\n\t\t\t\t\t\t\t\t\t\t\t\t\t\t\t<span class=\"elementor-share-btn__icon\">\n\t\t\t\t\t\t\t\t<i class=\"fab fa-whatsapp\" aria-hidden=\"true\"><\/i>\t\t\t\t\t\t\t<\/span>\n\t\t\t\t\t\t\t\t\t\t\t\t\t\t\t\t\t\t\t\t<\/div>\n\t\t\t\t\t<\/div>\n\t\t\t\t\t\t\t\t\t<div class=\"elementor-grid-item\" role=\"listitem\">\n\t\t\t\t\t\t<div class=\"elementor-share-btn elementor-share-btn_email\" role=\"button\" tabindex=\"0\" aria-label=\"Share on email\">\n\t\t\t\t\t\t\t\t\t\t\t\t\t\t\t<span class=\"elementor-share-btn__icon\">\n\t\t\t\t\t\t\t\t<i class=\"fas fa-envelope\" aria-hidden=\"true\"><\/i>\t\t\t\t\t\t\t<\/span>\n\t\t\t\t\t\t\t\t\t\t\t\t\t\t\t\t\t\t\t\t<\/div>\n\t\t\t\t\t<\/div>\n\t\t\t\t\t\t<\/div>\n\t\t\t\t\t\t<\/div>\n\t\t\t\t<\/div>\n\t\t\t\t<div class=\"elementor-element elementor-element-4d97a49 elementor-align-center elementor-widget elementor-widget-button\" data-id=\"4d97a49\" data-element_type=\"widget\" data-widget_type=\"button.default\">\n\t\t\t\t<div class=\"elementor-widget-container\">\n\t\t\t\t\t\t\t\t\t<div class=\"elementor-button-wrapper\">\n\t\t\t\t\t<a class=\"elementor-button elementor-button-link elementor-size-sm\" href=\"https:\/\/colecaocontai.com.br\/home\/download\/872\/\" target=\"_blank\">\n\t\t\t\t\t\t<span class=\"elementor-button-content-wrapper\">\n\t\t\t\t\t\t<span class=\"elementor-button-icon\">\n\t\t\t\t<i aria-hidden=\"true\" class=\"fas fa-book\"><\/i>\t\t\t<\/span>\n\t\t\t\t\t\t\t\t\t<span class=\"elementor-button-text\">Livro do professor 1<\/span>\n\t\t\t\t\t<\/span>\n\t\t\t\t\t<\/a>\n\t\t\t\t<\/div>\n\t\t\t\t\t\t\t\t<\/div>\n\t\t\t\t<\/div>\n\t\t\t\t\t<\/div>\n\t\t<\/div>\n\t\t\t\t\t<\/div>\n\t\t<\/section>\n\t\t\t\t\t<\/div>\n\t\t<\/div>\n\t\t\t\t\t<\/div>\n\t\t<\/section>\n\t\t\t\t<\/div>\n\t\t","protected":false},"excerpt":{"rendered":"<p>O concurso N\u00e3o \u00e9 f\u00e1cil ser crian\u00e7a. Cau\u00e3 que o diga! Com 12 anos de idade, ele, que adora jogos eletr\u00f4nicos e s\u00e9ries, mal pode se divertir. \u00c9 que seu celular do tempo \u2018dos dinossauros\u2019 n\u00e3o ajuda. \u00a0 Para sua sorte, a PR\u00d4 Daniela anunciou: sua escola vai participar de um concurso na sua cidade&hellip; <a class=\"more-link\" href=\"https:\/\/colecaocontai.com.br\/home\/livro-1\/\">Continuar lendo <span class=\"screen-reader-text\">Livro 1<\/span><\/a><\/p>\n","protected":false},"author":1,"featured_media":0,"parent":0,"menu_order":0,"comment_status":"closed","ping_status":"closed","template":"elementor_header_footer","meta":{"footnotes":""},"class_list":["post-384","page","type-page","status-publish","hentry","entry"],"yoast_head":"<!-- This site is optimized with the Yoast SEO plugin v18.1 - https:\/\/yoast.com\/wordpress\/plugins\/seo\/ -->\n<title>Livro 1 | Cole\u00e7\u00e3o Conta Ai<\/title>\n<meta name=\"robots\" content=\"index, follow, max-snippet:-1, max-image-preview:large, max-video-preview:-1\" \/>\n<link rel=\"canonical\" href=\"https:\/\/colecaocontai.com.br\/home\/livro-1\/\" \/>\n<meta property=\"og:locale\" content=\"pt_BR\" \/>\n<meta property=\"og:type\" content=\"article\" \/>\n<meta property=\"og:title\" content=\"Livro 1 | Cole\u00e7\u00e3o Conta Ai\" \/>\n<meta property=\"og:description\" content=\"O concurso N\u00e3o \u00e9 f\u00e1cil ser crian\u00e7a. Cau\u00e3 que o diga! Com 12 anos de idade, ele, que adora jogos eletr\u00f4nicos e s\u00e9ries, mal pode se divertir. \u00c9 que seu celular do tempo \u2018dos dinossauros\u2019 n\u00e3o ajuda. \u00a0 Para sua sorte, a PR\u00d4 Daniela anunciou: sua escola vai participar de um concurso na sua cidade&hellip; Continuar lendo Livro 1\" \/>\n<meta property=\"og:url\" content=\"https:\/\/colecaocontai.com.br\/home\/livro-1\/\" \/>\n<meta property=\"og:site_name\" content=\"Cole\u00e7\u00e3o Conta Ai\" \/>\n<meta property=\"article:modified_time\" content=\"2025-09-23T11:51:00+00:00\" \/>\n<meta property=\"og:image\" content=\"https:\/\/colecaocontai.com.br\/home\/wp-content\/uploads\/2021\/05\/CAPAlivro1-o-concurso-576x1024.jpg\" \/>\n<meta name=\"twitter:card\" content=\"summary_large_image\" \/>\n<meta name=\"twitter:label1\" content=\"Est. tempo de leitura\" \/>\n\t<meta name=\"twitter:data1\" content=\"1 minuto\" \/>\n<script type=\"application\/ld+json\" class=\"yoast-schema-graph\">{\"@context\":\"https:\/\/schema.org\",\"@graph\":[{\"@type\":\"Organization\",\"@id\":\"https:\/\/colecaocontai.com.br\/home\/#organization\",\"name\":\"Cole\u00e7\u00e3o Conta Ai\",\"url\":\"https:\/\/colecaocontai.com.br\/home\/\",\"sameAs\":[],\"logo\":{\"@type\":\"ImageObject\",\"@id\":\"https:\/\/colecaocontai.com.br\/home\/#logo\",\"inLanguage\":\"pt-BR\",\"url\":\"https:\/\/colecaocontai.com.br\/home\/wp-content\/uploads\/2021\/05\/logo_header.png\",\"contentUrl\":\"https:\/\/colecaocontai.com.br\/home\/wp-content\/uploads\/2021\/05\/logo_header.png\",\"width\":485,\"height\":343,\"caption\":\"Cole\u00e7\u00e3o Conta Ai\"},\"image\":{\"@id\":\"https:\/\/colecaocontai.com.br\/home\/#logo\"}},{\"@type\":\"WebSite\",\"@id\":\"https:\/\/colecaocontai.com.br\/home\/#website\",\"url\":\"https:\/\/colecaocontai.com.br\/home\/\",\"name\":\"Cole\u00e7\u00e3o Conta Ai\",\"description\":\"Educa\u00e7\u00e3o Financeira para Crian\u00e7as\",\"publisher\":{\"@id\":\"https:\/\/colecaocontai.com.br\/home\/#organization\"},\"potentialAction\":[{\"@type\":\"SearchAction\",\"target\":{\"@type\":\"EntryPoint\",\"urlTemplate\":\"https:\/\/colecaocontai.com.br\/home\/?s={search_term_string}\"},\"query-input\":\"required name=search_term_string\"}],\"inLanguage\":\"pt-BR\"},{\"@type\":\"ImageObject\",\"@id\":\"https:\/\/colecaocontai.com.br\/home\/livro-1\/#primaryimage\",\"inLanguage\":\"pt-BR\",\"url\":\"https:\/\/colecaocontai.com.br\/home\/wp-content\/uploads\/2021\/05\/CAPAlivro1-o-concurso-576x1024.jpg\",\"contentUrl\":\"https:\/\/colecaocontai.com.br\/home\/wp-content\/uploads\/2021\/05\/CAPAlivro1-o-concurso-576x1024.jpg\"},{\"@type\":\"WebPage\",\"@id\":\"https:\/\/colecaocontai.com.br\/home\/livro-1\/#webpage\",\"url\":\"https:\/\/colecaocontai.com.br\/home\/livro-1\/\",\"name\":\"Livro 1 | Cole\u00e7\u00e3o Conta Ai\",\"isPartOf\":{\"@id\":\"https:\/\/colecaocontai.com.br\/home\/#website\"},\"primaryImageOfPage\":{\"@id\":\"https:\/\/colecaocontai.com.br\/home\/livro-1\/#primaryimage\"},\"datePublished\":\"2021-05-17T21:23:25+00:00\",\"dateModified\":\"2025-09-23T11:51:00+00:00\",\"breadcrumb\":{\"@id\":\"https:\/\/colecaocontai.com.br\/home\/livro-1\/#breadcrumb\"},\"inLanguage\":\"pt-BR\",\"potentialAction\":[{\"@type\":\"ReadAction\",\"target\":[\"https:\/\/colecaocontai.com.br\/home\/livro-1\/\"]}]},{\"@type\":\"BreadcrumbList\",\"@id\":\"https:\/\/colecaocontai.com.br\/home\/livro-1\/#breadcrumb\",\"itemListElement\":[{\"@type\":\"ListItem\",\"position\":1,\"name\":\"In\u00edcio\",\"item\":\"https:\/\/colecaocontai.com.br\/home\/\"},{\"@type\":\"ListItem\",\"position\":2,\"name\":\"Livro 1\"}]}]}<\/script>\n<!-- \/ Yoast SEO plugin. -->","yoast_head_json":{"title":"Livro 1 | Cole\u00e7\u00e3o Conta Ai","robots":{"index":"index","follow":"follow","max-snippet":"max-snippet:-1","max-image-preview":"max-image-preview:large","max-video-preview":"max-video-preview:-1"},"canonical":"https:\/\/colecaocontai.com.br\/home\/livro-1\/","og_locale":"pt_BR","og_type":"article","og_title":"Livro 1 | Cole\u00e7\u00e3o Conta Ai","og_description":"O concurso N\u00e3o \u00e9 f\u00e1cil ser crian\u00e7a. Cau\u00e3 que o diga! Com 12 anos de idade, ele, que adora jogos eletr\u00f4nicos e s\u00e9ries, mal pode se divertir. \u00c9 que seu celular do tempo \u2018dos dinossauros\u2019 n\u00e3o ajuda. \u00a0 Para sua sorte, a PR\u00d4 Daniela anunciou: sua escola vai participar de um concurso na sua cidade&hellip; Continuar lendo Livro 1","og_url":"https:\/\/colecaocontai.com.br\/home\/livro-1\/","og_site_name":"Cole\u00e7\u00e3o Conta Ai","article_modified_time":"2025-09-23T11:51:00+00:00","og_image":[{"url":"https:\/\/colecaocontai.com.br\/home\/wp-content\/uploads\/2021\/05\/CAPAlivro1-o-concurso-576x1024.jpg"}],"twitter_card":"summary_large_image","twitter_misc":{"Est. tempo de leitura":"1 minuto"},"schema":{"@context":"https:\/\/schema.org","@graph":[{"@type":"Organization","@id":"https:\/\/colecaocontai.com.br\/home\/#organization","name":"Cole\u00e7\u00e3o Conta Ai","url":"https:\/\/colecaocontai.com.br\/home\/","sameAs":[],"logo":{"@type":"ImageObject","@id":"https:\/\/colecaocontai.com.br\/home\/#logo","inLanguage":"pt-BR","url":"https:\/\/colecaocontai.com.br\/home\/wp-content\/uploads\/2021\/05\/logo_header.png","contentUrl":"https:\/\/colecaocontai.com.br\/home\/wp-content\/uploads\/2021\/05\/logo_header.png","width":485,"height":343,"caption":"Cole\u00e7\u00e3o Conta Ai"},"image":{"@id":"https:\/\/colecaocontai.com.br\/home\/#logo"}},{"@type":"WebSite","@id":"https:\/\/colecaocontai.com.br\/home\/#website","url":"https:\/\/colecaocontai.com.br\/home\/","name":"Cole\u00e7\u00e3o Conta Ai","description":"Educa\u00e7\u00e3o Financeira para Crian\u00e7as","publisher":{"@id":"https:\/\/colecaocontai.com.br\/home\/#organization"},"potentialAction":[{"@type":"SearchAction","target":{"@type":"EntryPoint","urlTemplate":"https:\/\/colecaocontai.com.br\/home\/?s={search_term_string}"},"query-input":"required name=search_term_string"}],"inLanguage":"pt-BR"},{"@type":"ImageObject","@id":"https:\/\/colecaocontai.com.br\/home\/livro-1\/#primaryimage","inLanguage":"pt-BR","url":"https:\/\/colecaocontai.com.br\/home\/wp-content\/uploads\/2021\/05\/CAPAlivro1-o-concurso-576x1024.jpg","contentUrl":"https:\/\/colecaocontai.com.br\/home\/wp-content\/uploads\/2021\/05\/CAPAlivro1-o-concurso-576x1024.jpg"},{"@type":"WebPage","@id":"https:\/\/colecaocontai.com.br\/home\/livro-1\/#webpage","url":"https:\/\/colecaocontai.com.br\/home\/livro-1\/","name":"Livro 1 | Cole\u00e7\u00e3o Conta Ai","isPartOf":{"@id":"https:\/\/colecaocontai.com.br\/home\/#website"},"primaryImageOfPage":{"@id":"https:\/\/colecaocontai.com.br\/home\/livro-1\/#primaryimage"},"datePublished":"2021-05-17T21:23:25+00:00","dateModified":"2025-09-23T11:51:00+00:00","breadcrumb":{"@id":"https:\/\/colecaocontai.com.br\/home\/livro-1\/#breadcrumb"},"inLanguage":"pt-BR","potentialAction":[{"@type":"ReadAction","target":["https:\/\/colecaocontai.com.br\/home\/livro-1\/"]}]},{"@type":"BreadcrumbList","@id":"https:\/\/colecaocontai.com.br\/home\/livro-1\/#breadcrumb","itemListElement":[{"@type":"ListItem","position":1,"name":"In\u00edcio","item":"https:\/\/colecaocontai.com.br\/home\/"},{"@type":"ListItem","position":2,"name":"Livro 1"}]}]}},"_links":{"self":[{"href":"https:\/\/colecaocontai.com.br\/home\/wp-json\/wp\/v2\/pages\/384"}],"collection":[{"href":"https:\/\/colecaocontai.com.br\/home\/wp-json\/wp\/v2\/pages"}],"about":[{"href":"https:\/\/colecaocontai.com.br\/home\/wp-json\/wp\/v2\/types\/page"}],"author":[{"embeddable":true,"href":"https:\/\/colecaocontai.com.br\/home\/wp-json\/wp\/v2\/users\/1"}],"replies":[{"embeddable":true,"href":"https:\/\/colecaocontai.com.br\/home\/wp-json\/wp\/v2\/comments?post=384"}],"version-history":[{"count":70,"href":"https:\/\/colecaocontai.com.br\/home\/wp-json\/wp\/v2\/pages\/384\/revisions"}],"predecessor-version":[{"id":1539,"href":"https:\/\/colecaocontai.com.br\/home\/wp-json\/wp\/v2\/pages\/384\/revisions\/1539"}],"wp:attachment":[{"href":"https:\/\/colecaocontai.com.br\/home\/wp-json\/wp\/v2\/media?parent=384"}],"curies":[{"name":"wp","href":"https:\/\/api.w.org\/{rel}","templated":true}]}}