{"id":958,"date":"2021-10-27T21:04:00","date_gmt":"2021-10-27T21:04:00","guid":{"rendered":"https:\/\/colecaocontai.com.br\/home\/?page_id=958"},"modified":"2025-09-23T09:31:50","modified_gmt":"2025-09-23T12:31:50","slug":"livro-3","status":"publish","type":"page","link":"https:\/\/colecaocontai.com.br\/home\/livro-3\/","title":{"rendered":"Livro 3"},"content":{"rendered":"\t\t<div data-elementor-type=\"wp-page\" data-elementor-id=\"958\" class=\"elementor elementor-958\" data-elementor-post-type=\"page\">\n\t\t\t\t\t\t<section class=\"elementor-section elementor-top-section elementor-element elementor-element-4191a8e elementor-section-boxed elementor-section-height-default elementor-section-height-default\" data-id=\"4191a8e\" data-element_type=\"section\">\n\t\t\t\t\t\t<div class=\"elementor-container elementor-column-gap-default\">\n\t\t\t\t\t<div class=\"elementor-column elementor-col-100 elementor-top-column elementor-element elementor-element-9b60a42\" data-id=\"9b60a42\" data-element_type=\"column\">\n\t\t\t<div class=\"elementor-widget-wrap elementor-element-populated\">\n\t\t\t\t\t\t<section class=\"elementor-section elementor-inner-section elementor-element elementor-element-2525bff elementor-section-boxed elementor-section-height-default elementor-section-height-default\" data-id=\"2525bff\" data-element_type=\"section\">\n\t\t\t\t\t\t<div class=\"elementor-container elementor-column-gap-default\">\n\t\t\t\t\t<div class=\"elementor-column elementor-col-50 elementor-inner-column elementor-element elementor-element-370ac31\" data-id=\"370ac31\" data-element_type=\"column\">\n\t\t\t<div class=\"elementor-widget-wrap elementor-element-populated\">\n\t\t\t\t\t\t<div class=\"elementor-element elementor-element-a58bf8e elementor-widget elementor-widget-image\" data-id=\"a58bf8e\" data-element_type=\"widget\" data-widget_type=\"image.default\">\n\t\t\t\t<div class=\"elementor-widget-container\">\n\t\t\t\t\t\t\t\t\t\t\t\t\t\t\t<img fetchpriority=\"high\" decoding=\"async\" width=\"576\" height=\"1024\" src=\"https:\/\/colecaocontai.com.br\/home\/wp-content\/uploads\/2021\/10\/Capa-livro-3-v2-576x1024.jpeg\" class=\"attachment-large size-large wp-image-998\" alt=\"\" srcset=\"https:\/\/colecaocontai.com.br\/home\/wp-content\/uploads\/2021\/10\/Capa-livro-3-v2-576x1024.jpeg 576w, https:\/\/colecaocontai.com.br\/home\/wp-content\/uploads\/2021\/10\/Capa-livro-3-v2-169x300.jpeg 169w, https:\/\/colecaocontai.com.br\/home\/wp-content\/uploads\/2021\/10\/Capa-livro-3-v2.jpeg 720w\" sizes=\"(max-width: 576px) 100vw, 576px\" style=\"width:100%;height:177.78%;max-width:720px\" \/>\t\t\t\t\t\t\t\t\t\t\t\t\t\t\t<\/div>\n\t\t\t\t<\/div>\n\t\t\t\t\t<\/div>\n\t\t<\/div>\n\t\t\t\t<div class=\"elementor-column elementor-col-50 elementor-inner-column elementor-element elementor-element-f03789c\" data-id=\"f03789c\" data-element_type=\"column\">\n\t\t\t<div class=\"elementor-widget-wrap elementor-element-populated\">\n\t\t\t\t\t\t<div class=\"elementor-element elementor-element-8ca27e9 elementor-widget elementor-widget-heading\" data-id=\"8ca27e9\" data-element_type=\"widget\" data-widget_type=\"heading.default\">\n\t\t\t\t<div class=\"elementor-widget-container\">\n\t\t\t\t\t<h2 class=\"elementor-heading-title elementor-size-default\">A mesada<\/h2>\t\t\t\t<\/div>\n\t\t\t\t<\/div>\n\t\t\t\t<div class=\"elementor-element elementor-element-b8d6238 elementor-widget elementor-widget-text-editor\" data-id=\"b8d6238\" data-element_type=\"widget\" data-widget_type=\"text-editor.default\">\n\t\t\t\t<div class=\"elementor-widget-container\">\n\t\t\t\t\t\t\t\t\t<p>Cau\u00e3, Sophia e Matheus est\u00e3o rumo a mais uma etapa do concurso de Educa\u00e7\u00e3o Financeira! Mesada, administra\u00e7\u00e3o financeira, poupan\u00e7a e as regras para o recebimento de dinheiro em casa s\u00e3o os temas da vez. \u00c9 hora de organizar os novos aprendizados e coloc\u00e1-los no papel.<\/p><p>\u00a0<\/p><p>Mas o principal desafio ser\u00e1 conseguir manter o foco. A turma est\u00e1 empolgada com Enri P\u00f3pis, bruxinho que tem feito sucesso com a garotada. A nova divers\u00e3o \u00e9 reunir os amigos para uma Sess\u00e3o Pipoca no meio da semana.<\/p><p>\u00a0<\/p><p>E mais: o anivers\u00e1rio do Cau\u00e3 est\u00e1 chegando e ele n\u00e3o quer nada menos do que uma festa TOP! Bolo, salgadinho, docinho, lista de convidados\u2026 Os dias prometem ser agitados. Principalmente porque h\u00e1 uma nova ideia que deve deixar a fam\u00edlia do nosso protagonista de \u201ccabelo em p\u00e9\u201d: j\u00e1 ouviu falar em festa sustent\u00e1vel?<\/p><p>\u00a0<\/p><p>Acesse j\u00e1! E acompanhe essa jornada por meio do di\u00e1rio\u2026 Ops, DI.CA! Onde Cau\u00e3 conta quaaaase tudo.<\/p>\t\t\t\t\t\t\t\t<\/div>\n\t\t\t\t<\/div>\n\t\t\t\t<div class=\"elementor-element elementor-element-7103e08 elementor-align-center elementor-widget elementor-widget-button\" data-id=\"7103e08\" data-element_type=\"widget\" data-widget_type=\"button.default\">\n\t\t\t\t<div class=\"elementor-widget-container\">\n\t\t\t\t\t\t\t\t\t<div class=\"elementor-button-wrapper\">\n\t\t\t\t\t<a class=\"elementor-button elementor-button-link elementor-size-sm\" href=\"https:\/\/colecaocontai.com.br\/home\/dica3-a-mesada\/\" target=\"_blank\">\n\t\t\t\t\t\t<span class=\"elementor-button-content-wrapper\">\n\t\t\t\t\t\t<span class=\"elementor-button-icon\">\n\t\t\t\t<i aria-hidden=\"true\" class=\"fas fa-book\"><\/i>\t\t\t<\/span>\n\t\t\t\t\t\t\t\t\t<span class=\"elementor-button-text\">Leia online<\/span>\n\t\t\t\t\t<\/span>\n\t\t\t\t\t<\/a>\n\t\t\t\t<\/div>\n\t\t\t\t\t\t\t\t<\/div>\n\t\t\t\t<\/div>\n\t\t\t\t<div class=\"elementor-element elementor-element-6100b0f elementor-align-center elementor-widget elementor-widget-button\" data-id=\"6100b0f\" data-element_type=\"widget\" data-widget_type=\"button.default\">\n\t\t\t\t<div class=\"elementor-widget-container\">\n\t\t\t\t\t\t\t\t\t<div class=\"elementor-button-wrapper\">\n\t\t\t\t\t<a class=\"elementor-button elementor-button-link elementor-size-sm\" href=\"https:\/\/colecaocontai.com.br\/home\/download\/979\/\" target=\"_blank\">\n\t\t\t\t\t\t<span class=\"elementor-button-content-wrapper\">\n\t\t\t\t\t\t<span class=\"elementor-button-icon\">\n\t\t\t\t<i aria-hidden=\"true\" class=\"fas fa-book\"><\/i>\t\t\t<\/span>\n\t\t\t\t\t\t\t\t\t<span class=\"elementor-button-text\">Baixe para ler no computador<\/span>\n\t\t\t\t\t<\/span>\n\t\t\t\t\t<\/a>\n\t\t\t\t<\/div>\n\t\t\t\t\t\t\t\t<\/div>\n\t\t\t\t<\/div>\n\t\t\t\t<div class=\"elementor-element elementor-element-5f85a80 elementor-align-center elementor-widget elementor-widget-button\" data-id=\"5f85a80\" data-element_type=\"widget\" data-widget_type=\"button.default\">\n\t\t\t\t<div class=\"elementor-widget-container\">\n\t\t\t\t\t\t\t\t\t<div class=\"elementor-button-wrapper\">\n\t\t\t\t\t<a class=\"elementor-button elementor-button-link elementor-size-sm\" href=\"https:\/\/colecaocontai.com.br\/home\/download\/977\/\" target=\"_blank\">\n\t\t\t\t\t\t<span class=\"elementor-button-content-wrapper\">\n\t\t\t\t\t\t<span class=\"elementor-button-icon\">\n\t\t\t\t<i aria-hidden=\"true\" class=\"fas fa-book\"><\/i>\t\t\t<\/span>\n\t\t\t\t\t\t\t\t\t<span class=\"elementor-button-text\">Baixe para imprimir<\/span>\n\t\t\t\t\t<\/span>\n\t\t\t\t\t<\/a>\n\t\t\t\t<\/div>\n\t\t\t\t\t\t\t\t<\/div>\n\t\t\t\t<\/div>\n\t\t\t\t<div class=\"elementor-element elementor-element-c25f21e elementor-widget elementor-widget-heading\" data-id=\"c25f21e\" data-element_type=\"widget\" data-widget_type=\"heading.default\">\n\t\t\t\t<div class=\"elementor-widget-container\">\n\t\t\t\t\t<h2 class=\"elementor-heading-title elementor-size-default\">Compartilhe este livro.<\/h2>\t\t\t\t<\/div>\n\t\t\t\t<\/div>\n\t\t\t\t<div class=\"elementor-element elementor-element-9fca411 elementor-share-buttons--view-icon elementor-share-buttons--shape-rounded elementor-share-buttons--align-center elementor-share-buttons--skin-gradient elementor-grid-0 elementor-share-buttons--color-official elementor-widget elementor-widget-share-buttons\" data-id=\"9fca411\" data-element_type=\"widget\" data-widget_type=\"share-buttons.default\">\n\t\t\t\t<div class=\"elementor-widget-container\">\n\t\t\t\t\t\t\t<div class=\"elementor-grid\" role=\"list\">\n\t\t\t\t\t\t\t\t<div class=\"elementor-grid-item\" role=\"listitem\">\n\t\t\t\t\t\t<div class=\"elementor-share-btn elementor-share-btn_facebook\" role=\"button\" tabindex=\"0\" aria-label=\"Share on facebook\">\n\t\t\t\t\t\t\t\t\t\t\t\t\t\t\t<span class=\"elementor-share-btn__icon\">\n\t\t\t\t\t\t\t\t<i class=\"fab fa-facebook\" aria-hidden=\"true\"><\/i>\t\t\t\t\t\t\t<\/span>\n\t\t\t\t\t\t\t\t\t\t\t\t\t\t\t\t\t\t\t\t<\/div>\n\t\t\t\t\t<\/div>\n\t\t\t\t\t\t\t\t\t<div class=\"elementor-grid-item\" role=\"listitem\">\n\t\t\t\t\t\t<div class=\"elementor-share-btn elementor-share-btn_twitter\" role=\"button\" tabindex=\"0\" aria-label=\"Share on twitter\">\n\t\t\t\t\t\t\t\t\t\t\t\t\t\t\t<span class=\"elementor-share-btn__icon\">\n\t\t\t\t\t\t\t\t<i class=\"fab fa-twitter\" aria-hidden=\"true\"><\/i>\t\t\t\t\t\t\t<\/span>\n\t\t\t\t\t\t\t\t\t\t\t\t\t\t\t\t\t\t\t\t<\/div>\n\t\t\t\t\t<\/div>\n\t\t\t\t\t\t\t\t\t<div class=\"elementor-grid-item\" role=\"listitem\">\n\t\t\t\t\t\t<div class=\"elementor-share-btn elementor-share-btn_linkedin\" role=\"button\" tabindex=\"0\" aria-label=\"Share on linkedin\">\n\t\t\t\t\t\t\t\t\t\t\t\t\t\t\t<span class=\"elementor-share-btn__icon\">\n\t\t\t\t\t\t\t\t<i class=\"fab fa-linkedin\" aria-hidden=\"true\"><\/i>\t\t\t\t\t\t\t<\/span>\n\t\t\t\t\t\t\t\t\t\t\t\t\t\t\t\t\t\t\t\t<\/div>\n\t\t\t\t\t<\/div>\n\t\t\t\t\t\t\t\t\t<div class=\"elementor-grid-item\" role=\"listitem\">\n\t\t\t\t\t\t<div class=\"elementor-share-btn elementor-share-btn_whatsapp\" role=\"button\" tabindex=\"0\" aria-label=\"Share on whatsapp\">\n\t\t\t\t\t\t\t\t\t\t\t\t\t\t\t<span class=\"elementor-share-btn__icon\">\n\t\t\t\t\t\t\t\t<i class=\"fab fa-whatsapp\" aria-hidden=\"true\"><\/i>\t\t\t\t\t\t\t<\/span>\n\t\t\t\t\t\t\t\t\t\t\t\t\t\t\t\t\t\t\t\t<\/div>\n\t\t\t\t\t<\/div>\n\t\t\t\t\t\t\t\t\t<div class=\"elementor-grid-item\" role=\"listitem\">\n\t\t\t\t\t\t<div class=\"elementor-share-btn elementor-share-btn_email\" role=\"button\" tabindex=\"0\" aria-label=\"Share on email\">\n\t\t\t\t\t\t\t\t\t\t\t\t\t\t\t<span class=\"elementor-share-btn__icon\">\n\t\t\t\t\t\t\t\t<i class=\"fas fa-envelope\" aria-hidden=\"true\"><\/i>\t\t\t\t\t\t\t<\/span>\n\t\t\t\t\t\t\t\t\t\t\t\t\t\t\t\t\t\t\t\t<\/div>\n\t\t\t\t\t<\/div>\n\t\t\t\t\t\t<\/div>\n\t\t\t\t\t\t<\/div>\n\t\t\t\t<\/div>\n\t\t\t\t\t<\/div>\n\t\t<\/div>\n\t\t\t\t\t<\/div>\n\t\t<\/section>\n\t\t\t\t\t<\/div>\n\t\t<\/div>\n\t\t\t\t\t<\/div>\n\t\t<\/section>\n\t\t\t\t<\/div>\n\t\t","protected":false},"excerpt":{"rendered":"<p>A mesada Cau\u00e3, Sophia e Matheus est\u00e3o rumo a mais uma etapa do concurso de Educa\u00e7\u00e3o Financeira! Mesada, administra\u00e7\u00e3o financeira, poupan\u00e7a e as regras para o recebimento de dinheiro em casa s\u00e3o os temas da vez. \u00c9 hora de organizar os novos aprendizados e coloc\u00e1-los no papel. \u00a0 Mas o principal desafio ser\u00e1 conseguir manter&hellip; <a class=\"more-link\" href=\"https:\/\/colecaocontai.com.br\/home\/livro-3\/\">Continuar lendo <span class=\"screen-reader-text\">Livro 3<\/span><\/a><\/p>\n","protected":false},"author":1,"featured_media":0,"parent":0,"menu_order":0,"comment_status":"closed","ping_status":"closed","template":"elementor_header_footer","meta":{"footnotes":""},"class_list":["post-958","page","type-page","status-publish","hentry","entry"],"yoast_head":"<!-- This site is optimized with the Yoast SEO plugin v18.1 - https:\/\/yoast.com\/wordpress\/plugins\/seo\/ -->\n<title>Livro 3 | Cole\u00e7\u00e3o Conta Ai<\/title>\n<meta name=\"robots\" content=\"index, follow, max-snippet:-1, max-image-preview:large, max-video-preview:-1\" \/>\n<link rel=\"canonical\" href=\"https:\/\/colecaocontai.com.br\/home\/livro-3\/\" \/>\n<meta property=\"og:locale\" content=\"pt_BR\" \/>\n<meta property=\"og:type\" content=\"article\" \/>\n<meta property=\"og:title\" content=\"Livro 3 | Cole\u00e7\u00e3o Conta Ai\" \/>\n<meta property=\"og:description\" content=\"A mesada Cau\u00e3, Sophia e Matheus est\u00e3o rumo a mais uma etapa do concurso de Educa\u00e7\u00e3o Financeira! Mesada, administra\u00e7\u00e3o financeira, poupan\u00e7a e as regras para o recebimento de dinheiro em casa s\u00e3o os temas da vez. \u00c9 hora de organizar os novos aprendizados e coloc\u00e1-los no papel. \u00a0 Mas o principal desafio ser\u00e1 conseguir manter&hellip; Continuar lendo Livro 3\" \/>\n<meta property=\"og:url\" content=\"https:\/\/colecaocontai.com.br\/home\/livro-3\/\" \/>\n<meta property=\"og:site_name\" content=\"Cole\u00e7\u00e3o Conta Ai\" \/>\n<meta property=\"article:modified_time\" content=\"2025-09-23T12:31:50+00:00\" \/>\n<meta property=\"og:image\" content=\"https:\/\/colecaocontai.com.br\/home\/wp-content\/uploads\/2021\/10\/Capa-livro-3-v2-576x1024.jpeg\" \/>\n<meta name=\"twitter:card\" content=\"summary_large_image\" \/>\n<meta name=\"twitter:label1\" content=\"Est. tempo de leitura\" \/>\n\t<meta name=\"twitter:data1\" content=\"1 minuto\" \/>\n<script type=\"application\/ld+json\" class=\"yoast-schema-graph\">{\"@context\":\"https:\/\/schema.org\",\"@graph\":[{\"@type\":\"Organization\",\"@id\":\"https:\/\/colecaocontai.com.br\/home\/#organization\",\"name\":\"Cole\u00e7\u00e3o Conta Ai\",\"url\":\"https:\/\/colecaocontai.com.br\/home\/\",\"sameAs\":[],\"logo\":{\"@type\":\"ImageObject\",\"@id\":\"https:\/\/colecaocontai.com.br\/home\/#logo\",\"inLanguage\":\"pt-BR\",\"url\":\"https:\/\/colecaocontai.com.br\/home\/wp-content\/uploads\/2021\/05\/logo_header.png\",\"contentUrl\":\"https:\/\/colecaocontai.com.br\/home\/wp-content\/uploads\/2021\/05\/logo_header.png\",\"width\":485,\"height\":343,\"caption\":\"Cole\u00e7\u00e3o Conta Ai\"},\"image\":{\"@id\":\"https:\/\/colecaocontai.com.br\/home\/#logo\"}},{\"@type\":\"WebSite\",\"@id\":\"https:\/\/colecaocontai.com.br\/home\/#website\",\"url\":\"https:\/\/colecaocontai.com.br\/home\/\",\"name\":\"Cole\u00e7\u00e3o Conta Ai\",\"description\":\"Educa\u00e7\u00e3o Financeira para Crian\u00e7as\",\"publisher\":{\"@id\":\"https:\/\/colecaocontai.com.br\/home\/#organization\"},\"potentialAction\":[{\"@type\":\"SearchAction\",\"target\":{\"@type\":\"EntryPoint\",\"urlTemplate\":\"https:\/\/colecaocontai.com.br\/home\/?s={search_term_string}\"},\"query-input\":\"required name=search_term_string\"}],\"inLanguage\":\"pt-BR\"},{\"@type\":\"ImageObject\",\"@id\":\"https:\/\/colecaocontai.com.br\/home\/livro-3\/#primaryimage\",\"inLanguage\":\"pt-BR\",\"url\":\"https:\/\/colecaocontai.com.br\/home\/wp-content\/uploads\/2021\/10\/Capa-livro-3-v2.jpeg\",\"contentUrl\":\"https:\/\/colecaocontai.com.br\/home\/wp-content\/uploads\/2021\/10\/Capa-livro-3-v2.jpeg\",\"width\":720,\"height\":1280},{\"@type\":\"WebPage\",\"@id\":\"https:\/\/colecaocontai.com.br\/home\/livro-3\/#webpage\",\"url\":\"https:\/\/colecaocontai.com.br\/home\/livro-3\/\",\"name\":\"Livro 3 | Cole\u00e7\u00e3o Conta Ai\",\"isPartOf\":{\"@id\":\"https:\/\/colecaocontai.com.br\/home\/#website\"},\"primaryImageOfPage\":{\"@id\":\"https:\/\/colecaocontai.com.br\/home\/livro-3\/#primaryimage\"},\"datePublished\":\"2021-10-27T21:04:00+00:00\",\"dateModified\":\"2025-09-23T12:31:50+00:00\",\"breadcrumb\":{\"@id\":\"https:\/\/colecaocontai.com.br\/home\/livro-3\/#breadcrumb\"},\"inLanguage\":\"pt-BR\",\"potentialAction\":[{\"@type\":\"ReadAction\",\"target\":[\"https:\/\/colecaocontai.com.br\/home\/livro-3\/\"]}]},{\"@type\":\"BreadcrumbList\",\"@id\":\"https:\/\/colecaocontai.com.br\/home\/livro-3\/#breadcrumb\",\"itemListElement\":[{\"@type\":\"ListItem\",\"position\":1,\"name\":\"In\u00edcio\",\"item\":\"https:\/\/colecaocontai.com.br\/home\/\"},{\"@type\":\"ListItem\",\"position\":2,\"name\":\"Livro 3\"}]}]}<\/script>\n<!-- \/ Yoast SEO plugin. -->","yoast_head_json":{"title":"Livro 3 | Cole\u00e7\u00e3o Conta Ai","robots":{"index":"index","follow":"follow","max-snippet":"max-snippet:-1","max-image-preview":"max-image-preview:large","max-video-preview":"max-video-preview:-1"},"canonical":"https:\/\/colecaocontai.com.br\/home\/livro-3\/","og_locale":"pt_BR","og_type":"article","og_title":"Livro 3 | Cole\u00e7\u00e3o Conta Ai","og_description":"A mesada Cau\u00e3, Sophia e Matheus est\u00e3o rumo a mais uma etapa do concurso de Educa\u00e7\u00e3o Financeira! Mesada, administra\u00e7\u00e3o financeira, poupan\u00e7a e as regras para o recebimento de dinheiro em casa s\u00e3o os temas da vez. \u00c9 hora de organizar os novos aprendizados e coloc\u00e1-los no papel. \u00a0 Mas o principal desafio ser\u00e1 conseguir manter&hellip; Continuar lendo Livro 3","og_url":"https:\/\/colecaocontai.com.br\/home\/livro-3\/","og_site_name":"Cole\u00e7\u00e3o Conta Ai","article_modified_time":"2025-09-23T12:31:50+00:00","og_image":[{"url":"https:\/\/colecaocontai.com.br\/home\/wp-content\/uploads\/2021\/10\/Capa-livro-3-v2-576x1024.jpeg"}],"twitter_card":"summary_large_image","twitter_misc":{"Est. tempo de leitura":"1 minuto"},"schema":{"@context":"https:\/\/schema.org","@graph":[{"@type":"Organization","@id":"https:\/\/colecaocontai.com.br\/home\/#organization","name":"Cole\u00e7\u00e3o Conta Ai","url":"https:\/\/colecaocontai.com.br\/home\/","sameAs":[],"logo":{"@type":"ImageObject","@id":"https:\/\/colecaocontai.com.br\/home\/#logo","inLanguage":"pt-BR","url":"https:\/\/colecaocontai.com.br\/home\/wp-content\/uploads\/2021\/05\/logo_header.png","contentUrl":"https:\/\/colecaocontai.com.br\/home\/wp-content\/uploads\/2021\/05\/logo_header.png","width":485,"height":343,"caption":"Cole\u00e7\u00e3o Conta Ai"},"image":{"@id":"https:\/\/colecaocontai.com.br\/home\/#logo"}},{"@type":"WebSite","@id":"https:\/\/colecaocontai.com.br\/home\/#website","url":"https:\/\/colecaocontai.com.br\/home\/","name":"Cole\u00e7\u00e3o Conta Ai","description":"Educa\u00e7\u00e3o Financeira para Crian\u00e7as","publisher":{"@id":"https:\/\/colecaocontai.com.br\/home\/#organization"},"potentialAction":[{"@type":"SearchAction","target":{"@type":"EntryPoint","urlTemplate":"https:\/\/colecaocontai.com.br\/home\/?s={search_term_string}"},"query-input":"required name=search_term_string"}],"inLanguage":"pt-BR"},{"@type":"ImageObject","@id":"https:\/\/colecaocontai.com.br\/home\/livro-3\/#primaryimage","inLanguage":"pt-BR","url":"https:\/\/colecaocontai.com.br\/home\/wp-content\/uploads\/2021\/10\/Capa-livro-3-v2.jpeg","contentUrl":"https:\/\/colecaocontai.com.br\/home\/wp-content\/uploads\/2021\/10\/Capa-livro-3-v2.jpeg","width":720,"height":1280},{"@type":"WebPage","@id":"https:\/\/colecaocontai.com.br\/home\/livro-3\/#webpage","url":"https:\/\/colecaocontai.com.br\/home\/livro-3\/","name":"Livro 3 | Cole\u00e7\u00e3o Conta Ai","isPartOf":{"@id":"https:\/\/colecaocontai.com.br\/home\/#website"},"primaryImageOfPage":{"@id":"https:\/\/colecaocontai.com.br\/home\/livro-3\/#primaryimage"},"datePublished":"2021-10-27T21:04:00+00:00","dateModified":"2025-09-23T12:31:50+00:00","breadcrumb":{"@id":"https:\/\/colecaocontai.com.br\/home\/livro-3\/#breadcrumb"},"inLanguage":"pt-BR","potentialAction":[{"@type":"ReadAction","target":["https:\/\/colecaocontai.com.br\/home\/livro-3\/"]}]},{"@type":"BreadcrumbList","@id":"https:\/\/colecaocontai.com.br\/home\/livro-3\/#breadcrumb","itemListElement":[{"@type":"ListItem","position":1,"name":"In\u00edcio","item":"https:\/\/colecaocontai.com.br\/home\/"},{"@type":"ListItem","position":2,"name":"Livro 3"}]}]}},"_links":{"self":[{"href":"https:\/\/colecaocontai.com.br\/home\/wp-json\/wp\/v2\/pages\/958"}],"collection":[{"href":"https:\/\/colecaocontai.com.br\/home\/wp-json\/wp\/v2\/pages"}],"about":[{"href":"https:\/\/colecaocontai.com.br\/home\/wp-json\/wp\/v2\/types\/page"}],"author":[{"embeddable":true,"href":"https:\/\/colecaocontai.com.br\/home\/wp-json\/wp\/v2\/users\/1"}],"replies":[{"embeddable":true,"href":"https:\/\/colecaocontai.com.br\/home\/wp-json\/wp\/v2\/comments?post=958"}],"version-history":[{"count":22,"href":"https:\/\/colecaocontai.com.br\/home\/wp-json\/wp\/v2\/pages\/958\/revisions"}],"predecessor-version":[{"id":1545,"href":"https:\/\/colecaocontai.com.br\/home\/wp-json\/wp\/v2\/pages\/958\/revisions\/1545"}],"wp:attachment":[{"href":"https:\/\/colecaocontai.com.br\/home\/wp-json\/wp\/v2\/media?parent=958"}],"curies":[{"name":"wp","href":"https:\/\/api.w.org\/{rel}","templated":true}]}}